{"id":105675,"date":"2021-01-15T12:55:17","date_gmt":"2021-01-15T12:55:17","guid":{"rendered":"https:\/\/www.vipemlak.com\/?page_id=105675"},"modified":"2021-01-15T12:55:17","modified_gmt":"2021-01-15T12:55:17","slug":"vipemlak-mersin-luxuswohnungen-zu-verkaufen","status":"publish","type":"page","link":"https:\/\/www.vipemlak.com\/de\/vipemlak-mersin-luxuswohnungen-zu-verkaufen\/","title":{"rendered":"V\u0130PEMLAK MERS\u0130N LUXUSWOHNUNGEN ZU VERKAUFEN"},"content":{"rendered":"<p>V\u0130P EMLAK DIE PERLE DES MITTELMEER-MERS\u0130N IST EINE DER BEWEGTESTEN ZUVERL\u00c4SSIGEN ADRESSEN IN DER IMMOBILIENWELT SEIT 2005 IM ERDEML\u0130-DISTRIKT.<\/p>\n<p>&nbsp;<\/p>\n<p>Wir arbeiten mit unseren erfahrenen Immobilienberatern zusammen, um den richtigen Kunden mit dem Immobilienmakler in MERS\u0130N ERDEMLI zu treffen, dessen Herzst\u00fcck des Tourismus und der Investition ist.<\/p>\n<p>&nbsp;<\/p>\n<p>MIT UNSEREM BREITEN PORTFOLIO UND BREITEN KUNDEN-NETZWERK F\u00dcR SOMMERWOHNUNGEN IN MERS\u0130N ERDEML\u0130 SORGEN WIR F\u00dcR DIE RICHTIGE PREISE DES IMMOBILIENMARKTES MIT RECHTEM VERKAUF<\/p>\n<p>&nbsp;<\/p>\n<p>Als V\u0130P EMLAK IST UNSER KOMPASS, DIE H\u00c4USER ZU TREFFEN, IN DENEN DAS MASMA-BLAUE MEER DES MITTELMEERES UND DIE ERSTAUNLICHE BERGBRISSE VON TOROS MIT IHNEN TREFFEN.<\/p>\n<p>Unsere Vision ist ein kommerzieller Partner, bei dem alle Erwartungen unserer Investoren und unserer Kunden in einer vertrauensw\u00fcrdigen und transparenten Umgebung zusammentreffen, die ihre technologischen Entwicklungen \u00fcberarbeitet und die Innovation f\u00f6rdert.<\/p>\n<p>UNSER ZIEL IST, INVESTOREN UND AUSL\u00c4NDISCHEN KUNDEN F\u00d6RDERUNG F\u00dcR DIE ENTWICKLUNG UND F\u00d6RDERUNG DER REGION ZU BIETEN.<\/p>\n<p>ZULETZT IST DAS DISTRIKT MERS\u0130N ERDEML\u0130 ZU DEN FUNKTIONEN DER MITTELMEERREGION AUF DEM SOMMER-IMMOBILIENMARKT KOMMEN.<\/p>\n<p>DIE L\u00c4NDER, DIE DIE REGION F\u00dcR INVESTITIONEN BEVORZUGEN, SIND RUSSLAND, DEUTSCHLAND, BELGIEN, NIEDERLANDE UND Gro\u00dfbritannien.<\/p>\n<p>ALS V\u0130P REAL ESTATE ZEIGEN WIR UNSEREN AUSL\u00c4NDISCHEN KUNDEN IN DEN VERK\u00c4UFEN, DIE UNSER LAND VERTRETEN, DIE GLEICHE EMPFINDLICHKEIT.<\/p>\n<p>MERS\u0130N ERDEML\u0130 F\u00dcR IHREN IMMOBILIENKAUF UND MIETTRANSAKTIONEN<\/p>\n<p>VIP IMMOBILIEN<\/p>\n<p>DIE F\u00dcHRENDE MARKE DER IMMOBILIENWELT<\/p>\n<p>&nbsp;<\/p>\n","protected":false},"excerpt":{"rendered":"<p>V\u0130P EMLAK DIE PERLE DES MITTELMEER-MERS\u0130N IST EINE DER BEWEGTESTEN ZUVERL\u00c4SSIGEN ADRESSEN IN DER IMMOBILIENWELT SEIT 2005 IM ERDEML\u0130-DISTRIKT. &nbsp; Wir arbeiten mit unseren erfahrenen Immobilienberatern zusammen, um den richtigen Kunden mit dem Immobilienmakler in MERS\u0130N ERDEMLI zu treffen, dessen Herzst\u00fcck des Tourismus und der Investition ist. &nbsp; MIT UNSEREM BREITEN PORTFOLIO UND BREITEN KUNDEN-NETZWERK [&hellip;]<\/p>\n","protected":false},"author":24,"featured_media":105681,"parent":0,"menu_order":0,"comment_status":"closed","ping_status":"closed","template":"template-home.php","meta":{"footnotes":""},"class_list":["post-105675","page","type-page","status-publish","has-post-thumbnail","hentry"],"yoast_head":"<!-- This site is optimized with the Yoast SEO plugin v27.5 - https:\/\/yoast.com\/product\/yoast-seo-wordpress\/ -->\n<title>V\u0130PEMLAK MERS\u0130N LUXUSWOHNUNGEN ZU VERKAUFEN - V\u0130PGAYR\u0130MENKUL<\/title>\n<meta name=\"description\" content=\"NULL ZUM MEER SOMMER WOHNUNG.VILLA NULL ZUM MEER.URLAUB ZU VERMIETEN.MERS\u0130N ZU VERKAUFEN.MERS\u0130N URLAUB ZU VERMIETEN\" \/>\n<meta name=\"robots\" content=\"index, follow, max-snippet:-1, max-image-preview:large, max-video-preview:-1\" \/>\n<link rel=\"canonical\" href=\"https:\/\/www.vipemlak.com\/de\/vipemlak-mersin-luxuswohnungen-zu-verkaufen\/\" \/>\n<meta property=\"og:locale\" content=\"de_DE\" \/>\n<meta property=\"og:type\" content=\"article\" \/>\n<meta property=\"og:title\" content=\"V\u0130PEMLAK MERS\u0130N LUXUSWOHNUNGEN ZU VERKAUFEN - V\u0130PGAYR\u0130MENKUL\" \/>\n<meta property=\"og:description\" content=\"NULL ZUM MEER SOMMER WOHNUNG.VILLA NULL ZUM MEER.URLAUB ZU VERMIETEN.MERS\u0130N ZU VERKAUFEN.MERS\u0130N URLAUB ZU VERMIETEN\" \/>\n<meta property=\"og:url\" content=\"https:\/\/www.vipemlak.com\/de\/vipemlak-mersin-luxuswohnungen-zu-verkaufen\/\" \/>\n<meta property=\"og:site_name\" content=\"V\u0130PGAYR\u0130MENKUL\" \/>\n<meta property=\"article:publisher\" content=\"https:\/\/www.facebook.com\/share\/jNAc3JQbyQJ9zGYL\/?mibextid=YMEMSu\" \/>\n<meta property=\"og:image\" content=\"https:\/\/www.vipemlak.com\/wp-content\/uploads\/2021\/01\/20200823_134356-scaled.jpg\" \/>\n\t<meta property=\"og:image:width\" content=\"1920\" \/>\n\t<meta property=\"og:image:height\" content=\"1440\" \/>\n\t<meta property=\"og:image:type\" content=\"image\/jpeg\" \/>\n<meta name=\"twitter:card\" content=\"summary_large_image\" \/>\n<meta name=\"twitter:label1\" content=\"Est. reading time\" \/>\n\t<meta name=\"twitter:data1\" content=\"1 minute\" \/>\n<script type=\"application\/ld+json\" class=\"yoast-schema-graph\">{\"@context\":\"https:\\\/\\\/schema.org\",\"@graph\":[{\"@type\":\"WebPage\",\"@id\":\"https:\\\/\\\/www.vipemlak.com\\\/de\\\/vipemlak-mersin-luxuswohnungen-zu-verkaufen\\\/\",\"url\":\"https:\\\/\\\/www.vipemlak.com\\\/de\\\/vipemlak-mersin-luxuswohnungen-zu-verkaufen\\\/\",\"name\":\"V\u0130PEMLAK MERS\u0130N LUXUSWOHNUNGEN ZU VERKAUFEN - V\u0130PGAYR\u0130MENKUL\",\"isPartOf\":{\"@id\":\"https:\\\/\\\/www.vipemlak.com\\\/de\\\/#website\"},\"primaryImageOfPage\":{\"@id\":\"https:\\\/\\\/www.vipemlak.com\\\/de\\\/vipemlak-mersin-luxuswohnungen-zu-verkaufen\\\/#primaryimage\"},\"image\":{\"@id\":\"https:\\\/\\\/www.vipemlak.com\\\/de\\\/vipemlak-mersin-luxuswohnungen-zu-verkaufen\\\/#primaryimage\"},\"thumbnailUrl\":\"https:\\\/\\\/www.vipemlak.com\\\/wp-content\\\/uploads\\\/2021\\\/01\\\/20200823_134356-scaled.jpg\",\"datePublished\":\"2021-01-15T12:55:17+00:00\",\"description\":\"NULL ZUM MEER SOMMER WOHNUNG.VILLA NULL ZUM MEER.URLAUB ZU VERMIETEN.MERS\u0130N ZU VERKAUFEN.MERS\u0130N URLAUB ZU VERMIETEN\",\"breadcrumb\":{\"@id\":\"https:\\\/\\\/www.vipemlak.com\\\/de\\\/vipemlak-mersin-luxuswohnungen-zu-verkaufen\\\/#breadcrumb\"},\"inLanguage\":\"de-DE\",\"potentialAction\":[{\"@type\":\"ReadAction\",\"target\":[\"https:\\\/\\\/www.vipemlak.com\\\/de\\\/vipemlak-mersin-luxuswohnungen-zu-verkaufen\\\/\"]}]},{\"@type\":\"ImageObject\",\"inLanguage\":\"de-DE\",\"@id\":\"https:\\\/\\\/www.vipemlak.com\\\/de\\\/vipemlak-mersin-luxuswohnungen-zu-verkaufen\\\/#primaryimage\",\"url\":\"https:\\\/\\\/www.vipemlak.com\\\/wp-content\\\/uploads\\\/2021\\\/01\\\/20200823_134356-scaled.jpg\",\"contentUrl\":\"https:\\\/\\\/www.vipemlak.com\\\/wp-content\\\/uploads\\\/2021\\\/01\\\/20200823_134356-scaled.jpg\",\"width\":1920,\"height\":1440},{\"@type\":\"BreadcrumbList\",\"@id\":\"https:\\\/\\\/www.vipemlak.com\\\/de\\\/vipemlak-mersin-luxuswohnungen-zu-verkaufen\\\/#breadcrumb\",\"itemListElement\":[{\"@type\":\"ListItem\",\"position\":1,\"name\":\"Ana sayfa\",\"item\":\"https:\\\/\\\/www.vipemlak.com\\\/de\\\/\"},{\"@type\":\"ListItem\",\"position\":2,\"name\":\"V\u0130PEMLAK MERS\u0130N LUXUSWOHNUNGEN ZU VERKAUFEN\"}]},{\"@type\":\"WebSite\",\"@id\":\"https:\\\/\\\/www.vipemlak.com\\\/de\\\/#website\",\"url\":\"https:\\\/\\\/www.vipemlak.com\\\/de\\\/\",\"name\":\"V\u0130PGAYR\u0130MENKUL\",\"description\":\"EMLAK\",\"potentialAction\":[{\"@type\":\"SearchAction\",\"target\":{\"@type\":\"EntryPoint\",\"urlTemplate\":\"https:\\\/\\\/www.vipemlak.com\\\/de\\\/?s={search_term_string}\"},\"query-input\":{\"@type\":\"PropertyValueSpecification\",\"valueRequired\":true,\"valueName\":\"search_term_string\"}}],\"inLanguage\":\"de-DE\"}]}<\/script>\n<!-- \/ Yoast SEO plugin. -->","yoast_head_json":{"title":"V\u0130PEMLAK MERS\u0130N LUXUSWOHNUNGEN ZU VERKAUFEN - V\u0130PGAYR\u0130MENKUL","description":"NULL ZUM MEER SOMMER WOHNUNG.VILLA NULL ZUM MEER.URLAUB ZU VERMIETEN.MERS\u0130N ZU VERKAUFEN.MERS\u0130N URLAUB ZU VERMIETEN","robots":{"index":"index","follow":"follow","max-snippet":"max-snippet:-1","max-image-preview":"max-image-preview:large","max-video-preview":"max-video-preview:-1"},"canonical":"https:\/\/www.vipemlak.com\/de\/vipemlak-mersin-luxuswohnungen-zu-verkaufen\/","og_locale":"de_DE","og_type":"article","og_title":"V\u0130PEMLAK MERS\u0130N LUXUSWOHNUNGEN ZU VERKAUFEN - V\u0130PGAYR\u0130MENKUL","og_description":"NULL ZUM MEER SOMMER WOHNUNG.VILLA NULL ZUM MEER.URLAUB ZU VERMIETEN.MERS\u0130N ZU VERKAUFEN.MERS\u0130N URLAUB ZU VERMIETEN","og_url":"https:\/\/www.vipemlak.com\/de\/vipemlak-mersin-luxuswohnungen-zu-verkaufen\/","og_site_name":"V\u0130PGAYR\u0130MENKUL","article_publisher":"https:\/\/www.facebook.com\/share\/jNAc3JQbyQJ9zGYL\/?mibextid=YMEMSu","og_image":[{"width":1920,"height":1440,"url":"https:\/\/www.vipemlak.com\/wp-content\/uploads\/2021\/01\/20200823_134356-scaled.jpg","type":"image\/jpeg"}],"twitter_card":"summary_large_image","twitter_misc":{"Est. reading time":"1 minute"},"schema":{"@context":"https:\/\/schema.org","@graph":[{"@type":"WebPage","@id":"https:\/\/www.vipemlak.com\/de\/vipemlak-mersin-luxuswohnungen-zu-verkaufen\/","url":"https:\/\/www.vipemlak.com\/de\/vipemlak-mersin-luxuswohnungen-zu-verkaufen\/","name":"V\u0130PEMLAK MERS\u0130N LUXUSWOHNUNGEN ZU VERKAUFEN - V\u0130PGAYR\u0130MENKUL","isPartOf":{"@id":"https:\/\/www.vipemlak.com\/de\/#website"},"primaryImageOfPage":{"@id":"https:\/\/www.vipemlak.com\/de\/vipemlak-mersin-luxuswohnungen-zu-verkaufen\/#primaryimage"},"image":{"@id":"https:\/\/www.vipemlak.com\/de\/vipemlak-mersin-luxuswohnungen-zu-verkaufen\/#primaryimage"},"thumbnailUrl":"https:\/\/www.vipemlak.com\/wp-content\/uploads\/2021\/01\/20200823_134356-scaled.jpg","datePublished":"2021-01-15T12:55:17+00:00","description":"NULL ZUM MEER SOMMER WOHNUNG.VILLA NULL ZUM MEER.URLAUB ZU VERMIETEN.MERS\u0130N ZU VERKAUFEN.MERS\u0130N URLAUB ZU VERMIETEN","breadcrumb":{"@id":"https:\/\/www.vipemlak.com\/de\/vipemlak-mersin-luxuswohnungen-zu-verkaufen\/#breadcrumb"},"inLanguage":"de-DE","potentialAction":[{"@type":"ReadAction","target":["https:\/\/www.vipemlak.com\/de\/vipemlak-mersin-luxuswohnungen-zu-verkaufen\/"]}]},{"@type":"ImageObject","inLanguage":"de-DE","@id":"https:\/\/www.vipemlak.com\/de\/vipemlak-mersin-luxuswohnungen-zu-verkaufen\/#primaryimage","url":"https:\/\/www.vipemlak.com\/wp-content\/uploads\/2021\/01\/20200823_134356-scaled.jpg","contentUrl":"https:\/\/www.vipemlak.com\/wp-content\/uploads\/2021\/01\/20200823_134356-scaled.jpg","width":1920,"height":1440},{"@type":"BreadcrumbList","@id":"https:\/\/www.vipemlak.com\/de\/vipemlak-mersin-luxuswohnungen-zu-verkaufen\/#breadcrumb","itemListElement":[{"@type":"ListItem","position":1,"name":"Ana sayfa","item":"https:\/\/www.vipemlak.com\/de\/"},{"@type":"ListItem","position":2,"name":"V\u0130PEMLAK MERS\u0130N LUXUSWOHNUNGEN ZU VERKAUFEN"}]},{"@type":"WebSite","@id":"https:\/\/www.vipemlak.com\/de\/#website","url":"https:\/\/www.vipemlak.com\/de\/","name":"V\u0130PGAYR\u0130MENKUL","description":"EMLAK","potentialAction":[{"@type":"SearchAction","target":{"@type":"EntryPoint","urlTemplate":"https:\/\/www.vipemlak.com\/de\/?s={search_term_string}"},"query-input":{"@type":"PropertyValueSpecification","valueRequired":true,"valueName":"search_term_string"}}],"inLanguage":"de-DE"}]}},"_links":{"self":[{"href":"https:\/\/www.vipemlak.com\/de\/wp-json\/wp\/v2\/pages\/105675","targetHints":{"allow":["GET"]}}],"collection":[{"href":"https:\/\/www.vipemlak.com\/de\/wp-json\/wp\/v2\/pages"}],"about":[{"href":"https:\/\/www.vipemlak.com\/de\/wp-json\/wp\/v2\/types\/page"}],"author":[{"embeddable":true,"href":"https:\/\/www.vipemlak.com\/de\/wp-json\/wp\/v2\/users\/24"}],"replies":[{"embeddable":true,"href":"https:\/\/www.vipemlak.com\/de\/wp-json\/wp\/v2\/comments?post=105675"}],"version-history":[{"count":0,"href":"https:\/\/www.vipemlak.com\/de\/wp-json\/wp\/v2\/pages\/105675\/revisions"}],"wp:featuredmedia":[{"embeddable":true,"href":"https:\/\/www.vipemlak.com\/de\/wp-json\/wp\/v2\/media\/105681"}],"wp:attachment":[{"href":"https:\/\/www.vipemlak.com\/de\/wp-json\/wp\/v2\/media?parent=105675"}],"curies":[{"name":"wp","href":"https:\/\/api.w.org\/{rel}","templated":true}]}}