{"id":105673,"date":"2021-01-15T12:33:37","date_gmt":"2021-01-15T12:33:37","guid":{"rendered":"https:\/\/www.vipemlak.com\/?page_id=105673"},"modified":"2021-01-15T12:33:37","modified_gmt":"2021-01-15T12:33:37","slug":"vipemlak-mersin-luxury-flats-for-sale","status":"publish","type":"page","link":"https:\/\/www.vipemlak.com\/en\/vipemlak-mersin-luxury-flats-for-sale\/","title":{"rendered":"V\u0130PEMLAK MERS\u0130N LUXURY FLATS FOR SALE"},"content":{"rendered":"<p>V\u0130P EMLAK THE PEARL OF THE MEDITERRANEAN MERS\u0130N IS ONE OF THE MOST ROOTED RELIABLE ADDRESSES IN THE REAL ESTATE WORLD SINCE 2005, IN ERDEML\u0130 DISTRICT.<\/p>\n<p>&nbsp;<\/p>\n<p>WE ARE WORKING WITH OUR EXPERIENCED REAL ESTATE CONSULTANTS TO MEET THE RIGHT CUSTOMER WITH THE RIGHT REAL ESTATE IN MERS\u0130N ERDEMLI, WHICH THE HEART OF TOURISM AND INVESTMENT IS Beats.<\/p>\n<p>&nbsp;<\/p>\n<p>WITH OUR WIDE PORTFOLIO AND WIDE CUSTOMER NETWORK FOR SUMMER APARTMENTS IN MERS\u0130N ERDEML\u0130, WE CARE FOR THE CORRECT PRICING OF THE REAL ESTATE MARKET WITH THE RIGHT SALES.<\/p>\n<p>&nbsp;<\/p>\n<p>AS V\u0130P EMLAK OUR COMPASS IS TO MEET THE HOUSES WHERE THE MASMA BLUE SEA OF THE MEDITERRANEAN AND THE GREAT MOUNTAIN BREEZE OF TOROS MEET WITH YOU.<\/p>\n<p>OUR VISION IS A COMMERCIAL PARTNER WHERE ALL THE EXPECTATIONS OF OUR INVESTORS AND OUR CUSTOMERS ARE MEETING IN A TRUSTED AND TRANSPARENT ENVIRONMENT WHICH REVISES THEIR TECHNOLOGICAL DEVELOPMENTS AND LEADS THE INNOVATION.<\/p>\n<p>OUR GOALS ARE TO PROMOTE INVESTORS AND FOREIGN CUSTOMERS FOR THE DEVELOPMENT AND PROMOTION OF THE REGION.<\/p>\n<p>RECENTLY, MERS\u0130N ERDEML\u0130 DISTRICT HAS COME TO THE FEATURES IN THE MEDITERRANEAN REGION IN THE SUMMER REAL ESTATE MARKET.<\/p>\n<p>THE COUNTRIES THAT PREFER THE REGION MORE FOR INVESTMENT ARE RUSSIA, GERMANY, BELGIUM, NETHERLANDS AND THE UK.<\/p>\n<p>AS V\u0130P REAL ESTATE, WE SHOW THE SAME SENSITIVITY TO OUR FOREIGN CUSTOMERS IN THE SALES REPRESENTING OUR COUNTRY.<\/p>\n<p>MERS\u0130N ERDEML\u0130 FOR YOUR REAL ESTATE PURCHASE AND RENTAL TRANSACTIONS<\/p>\n<p>VIP REAL ESTATE<\/p>\n<p>THE LEADING BRAND OF REAL ESTATE WORLD<\/p>\n","protected":false},"excerpt":{"rendered":"<p>V\u0130P EMLAK THE PEARL OF THE MEDITERRANEAN MERS\u0130N IS ONE OF THE MOST ROOTED RELIABLE ADDRESSES IN THE REAL ESTATE WORLD SINCE 2005, IN ERDEML\u0130 DISTRICT. &nbsp; WE ARE WORKING WITH OUR EXPERIENCED REAL ESTATE CONSULTANTS TO MEET THE RIGHT CUSTOMER WITH THE RIGHT REAL ESTATE IN MERS\u0130N ERDEMLI, WHICH THE HEART OF TOURISM AND [&hellip;]<\/p>\n","protected":false},"author":24,"featured_media":105666,"parent":0,"menu_order":0,"comment_status":"closed","ping_status":"closed","template":"template-home.php","meta":{"footnotes":""},"class_list":["post-105673","page","type-page","status-publish","has-post-thumbnail","hentry"],"yoast_head":"<!-- This site is optimized with the Yoast SEO plugin v27.5 - https:\/\/yoast.com\/product\/yoast-seo-wordpress\/ -->\n<title>V\u0130PEMLAK MERS\u0130N LUXURY FLATS FOR SALE - V\u0130PGAYR\u0130MENKUL<\/title>\n<meta name=\"description\" content=\"MERS\u0130N LUXURY FLATS FOR SALE.ZERO TO THE SEA SUMMER FLAT.VILLA ZERO TO THE SEA.APARTMENT FOR RENT ZERO TO THE SEA\" \/>\n<meta name=\"robots\" content=\"index, follow, max-snippet:-1, max-image-preview:large, max-video-preview:-1\" \/>\n<link rel=\"canonical\" href=\"https:\/\/www.vipemlak.com\/en\/vipemlak-mersin-luxury-flats-for-sale\/\" \/>\n<meta property=\"og:locale\" content=\"en_US\" \/>\n<meta property=\"og:type\" content=\"article\" \/>\n<meta property=\"og:title\" content=\"V\u0130PEMLAK MERS\u0130N LUXURY FLATS FOR SALE - V\u0130PGAYR\u0130MENKUL\" \/>\n<meta property=\"og:description\" content=\"MERS\u0130N LUXURY FLATS FOR SALE.ZERO TO THE SEA SUMMER FLAT.VILLA ZERO TO THE SEA.APARTMENT FOR RENT ZERO TO THE SEA\" \/>\n<meta property=\"og:url\" content=\"https:\/\/www.vipemlak.com\/en\/vipemlak-mersin-luxury-flats-for-sale\/\" \/>\n<meta property=\"og:site_name\" content=\"V\u0130PGAYR\u0130MENKUL\" \/>\n<meta property=\"article:publisher\" content=\"https:\/\/www.facebook.com\/share\/jNAc3JQbyQJ9zGYL\/?mibextid=YMEMSu\" \/>\n<meta property=\"og:image\" content=\"https:\/\/www.vipemlak.com\/wp-content\/uploads\/2021\/01\/DJI_0180-1-scaled.jpg\" \/>\n\t<meta property=\"og:image:width\" content=\"2560\" \/>\n\t<meta property=\"og:image:height\" content=\"1440\" \/>\n\t<meta property=\"og:image:type\" content=\"image\/jpeg\" \/>\n<meta name=\"twitter:card\" content=\"summary_large_image\" \/>\n<meta name=\"twitter:label1\" content=\"Est. reading time\" \/>\n\t<meta name=\"twitter:data1\" content=\"2 minutes\" \/>\n<script type=\"application\/ld+json\" class=\"yoast-schema-graph\">{\"@context\":\"https:\\\/\\\/schema.org\",\"@graph\":[{\"@type\":\"WebPage\",\"@id\":\"https:\\\/\\\/www.vipemlak.com\\\/en\\\/vipemlak-mersin-luxury-flats-for-sale\\\/\",\"url\":\"https:\\\/\\\/www.vipemlak.com\\\/en\\\/vipemlak-mersin-luxury-flats-for-sale\\\/\",\"name\":\"V\u0130PEMLAK MERS\u0130N LUXURY FLATS FOR SALE - V\u0130PGAYR\u0130MENKUL\",\"isPartOf\":{\"@id\":\"https:\\\/\\\/www.vipemlak.com\\\/en\\\/#website\"},\"primaryImageOfPage\":{\"@id\":\"https:\\\/\\\/www.vipemlak.com\\\/en\\\/vipemlak-mersin-luxury-flats-for-sale\\\/#primaryimage\"},\"image\":{\"@id\":\"https:\\\/\\\/www.vipemlak.com\\\/en\\\/vipemlak-mersin-luxury-flats-for-sale\\\/#primaryimage\"},\"thumbnailUrl\":\"https:\\\/\\\/www.vipemlak.com\\\/wp-content\\\/uploads\\\/2021\\\/01\\\/DJI_0180-1-scaled.jpg\",\"datePublished\":\"2021-01-15T12:33:37+00:00\",\"description\":\"MERS\u0130N LUXURY FLATS FOR SALE.ZERO TO THE SEA SUMMER FLAT.VILLA ZERO TO THE SEA.APARTMENT FOR RENT ZERO TO THE SEA\",\"breadcrumb\":{\"@id\":\"https:\\\/\\\/www.vipemlak.com\\\/en\\\/vipemlak-mersin-luxury-flats-for-sale\\\/#breadcrumb\"},\"inLanguage\":\"en-US\",\"potentialAction\":[{\"@type\":\"ReadAction\",\"target\":[\"https:\\\/\\\/www.vipemlak.com\\\/en\\\/vipemlak-mersin-luxury-flats-for-sale\\\/\"]}]},{\"@type\":\"ImageObject\",\"inLanguage\":\"en-US\",\"@id\":\"https:\\\/\\\/www.vipemlak.com\\\/en\\\/vipemlak-mersin-luxury-flats-for-sale\\\/#primaryimage\",\"url\":\"https:\\\/\\\/www.vipemlak.com\\\/wp-content\\\/uploads\\\/2021\\\/01\\\/DJI_0180-1-scaled.jpg\",\"contentUrl\":\"https:\\\/\\\/www.vipemlak.com\\\/wp-content\\\/uploads\\\/2021\\\/01\\\/DJI_0180-1-scaled.jpg\",\"width\":2560,\"height\":1440,\"caption\":\"DCIM100MEDIADJI_0180.JPG\"},{\"@type\":\"BreadcrumbList\",\"@id\":\"https:\\\/\\\/www.vipemlak.com\\\/en\\\/vipemlak-mersin-luxury-flats-for-sale\\\/#breadcrumb\",\"itemListElement\":[{\"@type\":\"ListItem\",\"position\":1,\"name\":\"Ana sayfa\",\"item\":\"https:\\\/\\\/www.vipemlak.com\\\/en\\\/\"},{\"@type\":\"ListItem\",\"position\":2,\"name\":\"V\u0130PEMLAK MERS\u0130N LUXURY FLATS FOR SALE\"}]},{\"@type\":\"WebSite\",\"@id\":\"https:\\\/\\\/www.vipemlak.com\\\/en\\\/#website\",\"url\":\"https:\\\/\\\/www.vipemlak.com\\\/en\\\/\",\"name\":\"V\u0130PGAYR\u0130MENKUL\",\"description\":\"EMLAK\",\"potentialAction\":[{\"@type\":\"SearchAction\",\"target\":{\"@type\":\"EntryPoint\",\"urlTemplate\":\"https:\\\/\\\/www.vipemlak.com\\\/en\\\/?s={search_term_string}\"},\"query-input\":{\"@type\":\"PropertyValueSpecification\",\"valueRequired\":true,\"valueName\":\"search_term_string\"}}],\"inLanguage\":\"en-US\"}]}<\/script>\n<!-- \/ Yoast SEO plugin. -->","yoast_head_json":{"title":"V\u0130PEMLAK MERS\u0130N LUXURY FLATS FOR SALE - V\u0130PGAYR\u0130MENKUL","description":"MERS\u0130N LUXURY FLATS FOR SALE.ZERO TO THE SEA SUMMER FLAT.VILLA ZERO TO THE SEA.APARTMENT FOR RENT ZERO TO THE SEA","robots":{"index":"index","follow":"follow","max-snippet":"max-snippet:-1","max-image-preview":"max-image-preview:large","max-video-preview":"max-video-preview:-1"},"canonical":"https:\/\/www.vipemlak.com\/en\/vipemlak-mersin-luxury-flats-for-sale\/","og_locale":"en_US","og_type":"article","og_title":"V\u0130PEMLAK MERS\u0130N LUXURY FLATS FOR SALE - V\u0130PGAYR\u0130MENKUL","og_description":"MERS\u0130N LUXURY FLATS FOR SALE.ZERO TO THE SEA SUMMER FLAT.VILLA ZERO TO THE SEA.APARTMENT FOR RENT ZERO TO THE SEA","og_url":"https:\/\/www.vipemlak.com\/en\/vipemlak-mersin-luxury-flats-for-sale\/","og_site_name":"V\u0130PGAYR\u0130MENKUL","article_publisher":"https:\/\/www.facebook.com\/share\/jNAc3JQbyQJ9zGYL\/?mibextid=YMEMSu","og_image":[{"width":2560,"height":1440,"url":"https:\/\/www.vipemlak.com\/wp-content\/uploads\/2021\/01\/DJI_0180-1-scaled.jpg","type":"image\/jpeg"}],"twitter_card":"summary_large_image","twitter_misc":{"Est. reading time":"2 minutes"},"schema":{"@context":"https:\/\/schema.org","@graph":[{"@type":"WebPage","@id":"https:\/\/www.vipemlak.com\/en\/vipemlak-mersin-luxury-flats-for-sale\/","url":"https:\/\/www.vipemlak.com\/en\/vipemlak-mersin-luxury-flats-for-sale\/","name":"V\u0130PEMLAK MERS\u0130N LUXURY FLATS FOR SALE - V\u0130PGAYR\u0130MENKUL","isPartOf":{"@id":"https:\/\/www.vipemlak.com\/en\/#website"},"primaryImageOfPage":{"@id":"https:\/\/www.vipemlak.com\/en\/vipemlak-mersin-luxury-flats-for-sale\/#primaryimage"},"image":{"@id":"https:\/\/www.vipemlak.com\/en\/vipemlak-mersin-luxury-flats-for-sale\/#primaryimage"},"thumbnailUrl":"https:\/\/www.vipemlak.com\/wp-content\/uploads\/2021\/01\/DJI_0180-1-scaled.jpg","datePublished":"2021-01-15T12:33:37+00:00","description":"MERS\u0130N LUXURY FLATS FOR SALE.ZERO TO THE SEA SUMMER FLAT.VILLA ZERO TO THE SEA.APARTMENT FOR RENT ZERO TO THE SEA","breadcrumb":{"@id":"https:\/\/www.vipemlak.com\/en\/vipemlak-mersin-luxury-flats-for-sale\/#breadcrumb"},"inLanguage":"en-US","potentialAction":[{"@type":"ReadAction","target":["https:\/\/www.vipemlak.com\/en\/vipemlak-mersin-luxury-flats-for-sale\/"]}]},{"@type":"ImageObject","inLanguage":"en-US","@id":"https:\/\/www.vipemlak.com\/en\/vipemlak-mersin-luxury-flats-for-sale\/#primaryimage","url":"https:\/\/www.vipemlak.com\/wp-content\/uploads\/2021\/01\/DJI_0180-1-scaled.jpg","contentUrl":"https:\/\/www.vipemlak.com\/wp-content\/uploads\/2021\/01\/DJI_0180-1-scaled.jpg","width":2560,"height":1440,"caption":"DCIM100MEDIADJI_0180.JPG"},{"@type":"BreadcrumbList","@id":"https:\/\/www.vipemlak.com\/en\/vipemlak-mersin-luxury-flats-for-sale\/#breadcrumb","itemListElement":[{"@type":"ListItem","position":1,"name":"Ana sayfa","item":"https:\/\/www.vipemlak.com\/en\/"},{"@type":"ListItem","position":2,"name":"V\u0130PEMLAK MERS\u0130N LUXURY FLATS FOR SALE"}]},{"@type":"WebSite","@id":"https:\/\/www.vipemlak.com\/en\/#website","url":"https:\/\/www.vipemlak.com\/en\/","name":"V\u0130PGAYR\u0130MENKUL","description":"EMLAK","potentialAction":[{"@type":"SearchAction","target":{"@type":"EntryPoint","urlTemplate":"https:\/\/www.vipemlak.com\/en\/?s={search_term_string}"},"query-input":{"@type":"PropertyValueSpecification","valueRequired":true,"valueName":"search_term_string"}}],"inLanguage":"en-US"}]}},"_links":{"self":[{"href":"https:\/\/www.vipemlak.com\/en\/wp-json\/wp\/v2\/pages\/105673","targetHints":{"allow":["GET"]}}],"collection":[{"href":"https:\/\/www.vipemlak.com\/en\/wp-json\/wp\/v2\/pages"}],"about":[{"href":"https:\/\/www.vipemlak.com\/en\/wp-json\/wp\/v2\/types\/page"}],"author":[{"embeddable":true,"href":"https:\/\/www.vipemlak.com\/en\/wp-json\/wp\/v2\/users\/24"}],"replies":[{"embeddable":true,"href":"https:\/\/www.vipemlak.com\/en\/wp-json\/wp\/v2\/comments?post=105673"}],"version-history":[{"count":0,"href":"https:\/\/www.vipemlak.com\/en\/wp-json\/wp\/v2\/pages\/105673\/revisions"}],"wp:featuredmedia":[{"embeddable":true,"href":"https:\/\/www.vipemlak.com\/en\/wp-json\/wp\/v2\/media\/105666"}],"wp:attachment":[{"href":"https:\/\/www.vipemlak.com\/en\/wp-json\/wp\/v2\/media?parent=105673"}],"curies":[{"name":"wp","href":"https:\/\/api.w.org\/{rel}","templated":true}]}}