{"id":33682,"date":"2020-01-08T22:52:30","date_gmt":"2020-01-08T22:52:30","guid":{"rendered":"https:\/\/www.vipemlak.com\/?page_id=33682"},"modified":"2021-01-14T18:33:55","modified_gmt":"2021-01-14T18:33:55","slug":"home","status":"publish","type":"page","link":"https:\/\/www.vipemlak.com\/en\/","title":{"rendered":"Home"},"content":{"rendered":"","protected":false},"excerpt":{"rendered":"","protected":false},"author":26,"featured_media":0,"parent":0,"menu_order":0,"comment_status":"closed","ping_status":"closed","template":"template-home.php","meta":{"footnotes":""},"class_list":["post-33682","page","type-page","status-publish","hentry"],"yoast_head":"<!-- This site is optimized with the Yoast SEO plugin v26.5 - https:\/\/yoast.com\/wordpress\/plugins\/seo\/ -->\n<title>MERSIN SATILIK LUKS DAIRELER - VIP EMLAK<\/title>\n<meta name=\"description\" content=\"Erdemli Aya\u015f Sat\u0131l\u0131k Yazl\u0131k Ev Daire Arsa, T\u00f6m\u00fck Sat\u0131l\u0131k Kiral\u0131k Yazl\u0131k Ev Daire Arsa, \u00c7e\u015fmeli Sat\u0131l\u0131k Kiral\u0131k Yazl\u0131k Ev Daire Arsa.\" \/>\n<meta name=\"robots\" content=\"index, follow, max-snippet:-1, max-image-preview:large, max-video-preview:-1\" \/>\n<link rel=\"canonical\" href=\"https:\/\/www.vipemlak.com\/en\/\" \/>\n<meta property=\"og:locale\" content=\"en_US\" \/>\n<meta property=\"og:type\" content=\"article\" \/>\n<meta property=\"og:title\" content=\"MERSIN SATILIK LUKS DAIRELER - VIP EMLAK\" \/>\n<meta property=\"og:description\" content=\"Erdemli Aya\u015f Sat\u0131l\u0131k Yazl\u0131k Ev Daire Arsa, T\u00f6m\u00fck Sat\u0131l\u0131k Kiral\u0131k Yazl\u0131k Ev Daire Arsa, \u00c7e\u015fmeli Sat\u0131l\u0131k Kiral\u0131k Yazl\u0131k Ev Daire Arsa.\" \/>\n<meta property=\"og:url\" content=\"https:\/\/www.vipemlak.com\/en\/\" \/>\n<meta property=\"og:site_name\" content=\"V\u0130PGAYR\u0130MENKUL\" \/>\n<meta property=\"article:publisher\" content=\"https:\/\/www.facebook.com\/share\/jNAc3JQbyQJ9zGYL\/?mibextid=YMEMSu\" \/>\n<meta property=\"article:modified_time\" content=\"2021-01-14T18:33:55+00:00\" \/>\n<meta name=\"twitter:card\" content=\"summary_large_image\" \/>\n<script type=\"application\/ld+json\" class=\"yoast-schema-graph\">{\"@context\":\"https:\/\/schema.org\",\"@graph\":[{\"@type\":\"WebPage\",\"@id\":\"https:\/\/www.vipemlak.com\/en\/\",\"url\":\"https:\/\/www.vipemlak.com\/en\/\",\"name\":\"MERSIN SATILIK LUKS DAIRELER - VIP EMLAK\",\"isPartOf\":{\"@id\":\"https:\/\/www.vipemlak.com\/en\/#website\"},\"datePublished\":\"2020-01-08T22:52:30+00:00\",\"dateModified\":\"2021-01-14T18:33:55+00:00\",\"description\":\"Erdemli Aya\u015f Sat\u0131l\u0131k Yazl\u0131k Ev Daire Arsa, T\u00f6m\u00fck Sat\u0131l\u0131k Kiral\u0131k Yazl\u0131k Ev Daire Arsa, \u00c7e\u015fmeli Sat\u0131l\u0131k Kiral\u0131k Yazl\u0131k Ev Daire Arsa.\",\"breadcrumb\":{\"@id\":\"https:\/\/www.vipemlak.com\/en\/#breadcrumb\"},\"inLanguage\":\"en-US\",\"potentialAction\":[{\"@type\":\"ReadAction\",\"target\":[\"https:\/\/www.vipemlak.com\/en\/\"]}]},{\"@type\":\"BreadcrumbList\",\"@id\":\"https:\/\/www.vipemlak.com\/en\/#breadcrumb\",\"itemListElement\":[{\"@type\":\"ListItem\",\"position\":1,\"name\":\"Ana sayfa\",\"item\":\"https:\/\/www.vipemlak.com\/en\/\"},{\"@type\":\"ListItem\",\"position\":2,\"name\":\"Home\"}]},{\"@type\":\"WebSite\",\"@id\":\"https:\/\/www.vipemlak.com\/en\/#website\",\"url\":\"https:\/\/www.vipemlak.com\/en\/\",\"name\":\"V\u0130PGAYR\u0130MENKUL\",\"description\":\"EMLAK\",\"potentialAction\":[{\"@type\":\"SearchAction\",\"target\":{\"@type\":\"EntryPoint\",\"urlTemplate\":\"https:\/\/www.vipemlak.com\/en\/?s={search_term_string}\"},\"query-input\":{\"@type\":\"PropertyValueSpecification\",\"valueRequired\":true,\"valueName\":\"search_term_string\"}}],\"inLanguage\":\"en-US\"}]}<\/script>\n<!-- \/ Yoast SEO plugin. -->","yoast_head_json":{"title":"MERSIN SATILIK LUKS DAIRELER - VIP EMLAK","description":"Erdemli Aya\u015f Sat\u0131l\u0131k Yazl\u0131k Ev Daire Arsa, T\u00f6m\u00fck Sat\u0131l\u0131k Kiral\u0131k Yazl\u0131k Ev Daire Arsa, \u00c7e\u015fmeli Sat\u0131l\u0131k Kiral\u0131k Yazl\u0131k Ev Daire Arsa.","robots":{"index":"index","follow":"follow","max-snippet":"max-snippet:-1","max-image-preview":"max-image-preview:large","max-video-preview":"max-video-preview:-1"},"canonical":"https:\/\/www.vipemlak.com\/en\/","og_locale":"en_US","og_type":"article","og_title":"MERSIN SATILIK LUKS DAIRELER - VIP EMLAK","og_description":"Erdemli Aya\u015f Sat\u0131l\u0131k Yazl\u0131k Ev Daire Arsa, T\u00f6m\u00fck Sat\u0131l\u0131k Kiral\u0131k Yazl\u0131k Ev Daire Arsa, \u00c7e\u015fmeli Sat\u0131l\u0131k Kiral\u0131k Yazl\u0131k Ev Daire Arsa.","og_url":"https:\/\/www.vipemlak.com\/en\/","og_site_name":"V\u0130PGAYR\u0130MENKUL","article_publisher":"https:\/\/www.facebook.com\/share\/jNAc3JQbyQJ9zGYL\/?mibextid=YMEMSu","article_modified_time":"2021-01-14T18:33:55+00:00","twitter_card":"summary_large_image","schema":{"@context":"https:\/\/schema.org","@graph":[{"@type":"WebPage","@id":"https:\/\/www.vipemlak.com\/en\/","url":"https:\/\/www.vipemlak.com\/en\/","name":"MERSIN SATILIK LUKS DAIRELER - VIP EMLAK","isPartOf":{"@id":"https:\/\/www.vipemlak.com\/en\/#website"},"datePublished":"2020-01-08T22:52:30+00:00","dateModified":"2021-01-14T18:33:55+00:00","description":"Erdemli Aya\u015f Sat\u0131l\u0131k Yazl\u0131k Ev Daire Arsa, T\u00f6m\u00fck Sat\u0131l\u0131k Kiral\u0131k Yazl\u0131k Ev Daire Arsa, \u00c7e\u015fmeli Sat\u0131l\u0131k Kiral\u0131k Yazl\u0131k Ev Daire Arsa.","breadcrumb":{"@id":"https:\/\/www.vipemlak.com\/en\/#breadcrumb"},"inLanguage":"en-US","potentialAction":[{"@type":"ReadAction","target":["https:\/\/www.vipemlak.com\/en\/"]}]},{"@type":"BreadcrumbList","@id":"https:\/\/www.vipemlak.com\/en\/#breadcrumb","itemListElement":[{"@type":"ListItem","position":1,"name":"Ana sayfa","item":"https:\/\/www.vipemlak.com\/en\/"},{"@type":"ListItem","position":2,"name":"Home"}]},{"@type":"WebSite","@id":"https:\/\/www.vipemlak.com\/en\/#website","url":"https:\/\/www.vipemlak.com\/en\/","name":"V\u0130PGAYR\u0130MENKUL","description":"EMLAK","potentialAction":[{"@type":"SearchAction","target":{"@type":"EntryPoint","urlTemplate":"https:\/\/www.vipemlak.com\/en\/?s={search_term_string}"},"query-input":{"@type":"PropertyValueSpecification","valueRequired":true,"valueName":"search_term_string"}}],"inLanguage":"en-US"}]}},"_links":{"self":[{"href":"https:\/\/www.vipemlak.com\/en\/wp-json\/wp\/v2\/pages\/33682","targetHints":{"allow":["GET"]}}],"collection":[{"href":"https:\/\/www.vipemlak.com\/en\/wp-json\/wp\/v2\/pages"}],"about":[{"href":"https:\/\/www.vipemlak.com\/en\/wp-json\/wp\/v2\/types\/page"}],"author":[{"embeddable":true,"href":"https:\/\/www.vipemlak.com\/en\/wp-json\/wp\/v2\/users\/26"}],"replies":[{"embeddable":true,"href":"https:\/\/www.vipemlak.com\/en\/wp-json\/wp\/v2\/comments?post=33682"}],"version-history":[{"count":0,"href":"https:\/\/www.vipemlak.com\/en\/wp-json\/wp\/v2\/pages\/33682\/revisions"}],"wp:attachment":[{"href":"https:\/\/www.vipemlak.com\/en\/wp-json\/wp\/v2\/media?parent=33682"}],"curies":[{"name":"wp","href":"https:\/\/api.w.org\/{rel}","templated":true}]}}