{"id":33803,"date":"2020-01-08T23:15:47","date_gmt":"2020-01-08T23:15:47","guid":{"rendered":"https:\/\/www.vipemlak.com\/?page_id=33803"},"modified":"2020-01-08T23:18:32","modified_gmt":"2020-01-08T23:18:32","slug":"corporate","status":"publish","type":"page","link":"https:\/\/www.vipemlak.com\/en\/corporate\/","title":{"rendered":"Corporate"},"content":{"rendered":"\n<p>V\u0130PEMLAK TUR\u0130ZM \u0130N\u015eAAT T\u0130CARET LTD \u015eT\u0130 \u015e\u0130RKET\u0130M\u0130Z 13 YILLIK B\u0130R DENEY\u0130ME SAH\u0130P OLUP S\u0130Z DE\u011eERL\u0130 M\u00dc\u015eTER\u0130LER\u0130M\u0130ZE H\u0130ZMET VERMEKTED\u0130R . V\u0130PEMLAK\u00a0 \u00c7E\u015eMEL\u0130 KARGIPINARI T\u00d6M\u00dcK ARPA\u00c7BAH\u015e\u0130\u015e ERDEML\u0130 KO\u00c7AHASANLI L\u0130MONLU AYA\u015e KIZKALES\u0130 SUSANO\u011eLU AVGADI HACIALANI K\u00d6Y\u00dc B\u00d6LGELER\u0130NDE \u0130MARLI ARSA H\u0130SSEL\u0130 ARSA TARLA L\u0130MON BAH\u00c7ES\u0130 YAZLIK EV YAZLIK V\u0130LLA YAZLIK DA\u0130RE YAZLIK M\u00dcSTAK\u0130L EV\u00a0 YAYLA EV\u0130 SATI\u015eLARI VE MERS\u0130N\u00a0 K\u0130RALIK YAZLIK EV V\u0130LLA YAPAN B\u0130R \u015e\u0130RKETT\u0130R. V\u0130PEMLAK YATIRIMCIYA UYGUN YER BULUP YATIRIMCIYA \u0130Y\u0130 B\u0130R KAZAN\u00c7 ELDE ETMES\u0130N\u0130 SA\u011eLAMAKTADIR . V\u0130PEMLAK YERL\u0130 VE YABANCI M\u00dc\u015eTER\u0130LER\u0130M\u0130ZE FLAM\u0130NGO 8 FLAM\u0130NGO 9 FLAM\u0130NGO 4 FLAM\u0130NGO 3 L\u0130PAR\u0130SPARK L\u0130PAR\u0130S 3 L\u0130PAR\u0130S5 QUEENABA L\u0130PAR\u0130S7 ALTIN \u00d6REN L\u0130DO DO\u011eANAQUPARK AS\u0130S L\u0130PAR\u0130SMAR\u0130NA L\u0130DO LAR\u0130SA D\u0130VA GONDOL ALTIN\u00d6REN1 ALTIN\u00d6REN 2 MAV\u0130SU 1 MAV\u0130SU 2 Z\u0130YAERDEN SE\u00c7K\u0130NLER FLAM\u0130NGO1 MTS BAHAMA QUEENABA1 S\u0130TELER\u0130NDEN SATI\u015e YAPMI\u015e VE B\u00d6LGE KALKINMASINDA B\u00dcY\u00dcK B\u0130R DESTEK VERM\u0130\u015eT\u0130R .<\/p>\n","protected":false},"excerpt":{"rendered":"<p>V\u0130PEMLAK TUR\u0130ZM \u0130N\u015eAAT T\u0130CARET LTD \u015eT\u0130 \u015e\u0130RKET\u0130M\u0130Z 13 YILLIK B\u0130R DENEY\u0130ME SAH\u0130P OLUP S\u0130Z DE\u011eERL\u0130 M\u00dc\u015eTER\u0130LER\u0130M\u0130ZE H\u0130ZMET VERMEKTED\u0130R . V\u0130PEMLAK\u00a0 \u00c7E\u015eMEL\u0130 KARGIPINARI T\u00d6M\u00dcK ARPA\u00c7BAH\u015e\u0130\u015e ERDEML\u0130 KO\u00c7AHASANLI L\u0130MONLU AYA\u015e KIZKALES\u0130 SUSANO\u011eLU AVGADI HACIALANI K\u00d6Y\u00dc B\u00d6LGELER\u0130NDE \u0130MARLI ARSA H\u0130SSEL\u0130 ARSA TARLA L\u0130MON BAH\u00c7ES\u0130 YAZLIK EV YAZLIK V\u0130LLA YAZLIK DA\u0130RE YAZLIK M\u00dcSTAK\u0130L EV\u00a0 YAYLA EV\u0130 SATI\u015eLARI VE MERS\u0130N\u00a0 [&hellip;]<\/p>\n","protected":false},"author":26,"featured_media":0,"parent":0,"menu_order":0,"comment_status":"open","ping_status":"closed","template":"","meta":{"footnotes":""},"class_list":["post-33803","page","type-page","status-publish","hentry"],"yoast_head":"<!-- This site is optimized with the Yoast SEO plugin v27.3 - https:\/\/yoast.com\/product\/yoast-seo-wordpress\/ -->\n<title>Corporate - V\u0130PGAYR\u0130MENKUL<\/title>\n<meta name=\"robots\" content=\"index, follow, max-snippet:-1, max-image-preview:large, max-video-preview:-1\" \/>\n<link rel=\"canonical\" href=\"https:\/\/www.vipemlak.com\/en\/corporate\/\" \/>\n<meta property=\"og:locale\" content=\"en_US\" \/>\n<meta property=\"og:type\" content=\"article\" \/>\n<meta property=\"og:title\" content=\"Corporate - V\u0130PGAYR\u0130MENKUL\" \/>\n<meta property=\"og:description\" content=\"V\u0130PEMLAK TUR\u0130ZM \u0130N\u015eAAT T\u0130CARET LTD \u015eT\u0130 \u015e\u0130RKET\u0130M\u0130Z 13 YILLIK B\u0130R DENEY\u0130ME SAH\u0130P OLUP S\u0130Z DE\u011eERL\u0130 M\u00dc\u015eTER\u0130LER\u0130M\u0130ZE H\u0130ZMET VERMEKTED\u0130R . V\u0130PEMLAK\u00a0 \u00c7E\u015eMEL\u0130 KARGIPINARI T\u00d6M\u00dcK ARPA\u00c7BAH\u015e\u0130\u015e ERDEML\u0130 KO\u00c7AHASANLI L\u0130MONLU AYA\u015e KIZKALES\u0130 SUSANO\u011eLU AVGADI HACIALANI K\u00d6Y\u00dc B\u00d6LGELER\u0130NDE \u0130MARLI ARSA H\u0130SSEL\u0130 ARSA TARLA L\u0130MON BAH\u00c7ES\u0130 YAZLIK EV YAZLIK V\u0130LLA YAZLIK DA\u0130RE YAZLIK M\u00dcSTAK\u0130L EV\u00a0 YAYLA EV\u0130 SATI\u015eLARI VE MERS\u0130N\u00a0 [&hellip;]\" \/>\n<meta property=\"og:url\" content=\"https:\/\/www.vipemlak.com\/en\/corporate\/\" \/>\n<meta property=\"og:site_name\" content=\"V\u0130PGAYR\u0130MENKUL\" \/>\n<meta property=\"article:publisher\" content=\"https:\/\/www.facebook.com\/share\/jNAc3JQbyQJ9zGYL\/?mibextid=YMEMSu\" \/>\n<meta property=\"article:modified_time\" content=\"2020-01-08T23:18:32+00:00\" \/>\n<meta name=\"twitter:card\" content=\"summary_large_image\" \/>\n<meta name=\"twitter:label1\" content=\"Est. reading time\" \/>\n\t<meta name=\"twitter:data1\" content=\"1 minute\" \/>\n<script type=\"application\/ld+json\" class=\"yoast-schema-graph\">{\"@context\":\"https:\\\/\\\/schema.org\",\"@graph\":[{\"@type\":\"WebPage\",\"@id\":\"https:\\\/\\\/www.vipemlak.com\\\/en\\\/corporate\\\/\",\"url\":\"https:\\\/\\\/www.vipemlak.com\\\/en\\\/corporate\\\/\",\"name\":\"Corporate - V\u0130PGAYR\u0130MENKUL\",\"isPartOf\":{\"@id\":\"https:\\\/\\\/www.vipemlak.com\\\/en\\\/#website\"},\"datePublished\":\"2020-01-08T23:15:47+00:00\",\"dateModified\":\"2020-01-08T23:18:32+00:00\",\"breadcrumb\":{\"@id\":\"https:\\\/\\\/www.vipemlak.com\\\/en\\\/corporate\\\/#breadcrumb\"},\"inLanguage\":\"en-US\",\"potentialAction\":[{\"@type\":\"ReadAction\",\"target\":[\"https:\\\/\\\/www.vipemlak.com\\\/en\\\/corporate\\\/\"]}]},{\"@type\":\"BreadcrumbList\",\"@id\":\"https:\\\/\\\/www.vipemlak.com\\\/en\\\/corporate\\\/#breadcrumb\",\"itemListElement\":[{\"@type\":\"ListItem\",\"position\":1,\"name\":\"Ana sayfa\",\"item\":\"https:\\\/\\\/www.vipemlak.com\\\/en\\\/\"},{\"@type\":\"ListItem\",\"position\":2,\"name\":\"Corporate\"}]},{\"@type\":\"WebSite\",\"@id\":\"https:\\\/\\\/www.vipemlak.com\\\/en\\\/#website\",\"url\":\"https:\\\/\\\/www.vipemlak.com\\\/en\\\/\",\"name\":\"V\u0130PGAYR\u0130MENKUL\",\"description\":\"EMLAK\",\"potentialAction\":[{\"@type\":\"SearchAction\",\"target\":{\"@type\":\"EntryPoint\",\"urlTemplate\":\"https:\\\/\\\/www.vipemlak.com\\\/en\\\/?s={search_term_string}\"},\"query-input\":{\"@type\":\"PropertyValueSpecification\",\"valueRequired\":true,\"valueName\":\"search_term_string\"}}],\"inLanguage\":\"en-US\"}]}<\/script>\n<!-- \/ Yoast SEO plugin. -->","yoast_head_json":{"title":"Corporate - V\u0130PGAYR\u0130MENKUL","robots":{"index":"index","follow":"follow","max-snippet":"max-snippet:-1","max-image-preview":"max-image-preview:large","max-video-preview":"max-video-preview:-1"},"canonical":"https:\/\/www.vipemlak.com\/en\/corporate\/","og_locale":"en_US","og_type":"article","og_title":"Corporate - V\u0130PGAYR\u0130MENKUL","og_description":"V\u0130PEMLAK TUR\u0130ZM \u0130N\u015eAAT T\u0130CARET LTD \u015eT\u0130 \u015e\u0130RKET\u0130M\u0130Z 13 YILLIK B\u0130R DENEY\u0130ME SAH\u0130P OLUP S\u0130Z DE\u011eERL\u0130 M\u00dc\u015eTER\u0130LER\u0130M\u0130ZE H\u0130ZMET VERMEKTED\u0130R . V\u0130PEMLAK\u00a0 \u00c7E\u015eMEL\u0130 KARGIPINARI T\u00d6M\u00dcK ARPA\u00c7BAH\u015e\u0130\u015e ERDEML\u0130 KO\u00c7AHASANLI L\u0130MONLU AYA\u015e KIZKALES\u0130 SUSANO\u011eLU AVGADI HACIALANI K\u00d6Y\u00dc B\u00d6LGELER\u0130NDE \u0130MARLI ARSA H\u0130SSEL\u0130 ARSA TARLA L\u0130MON BAH\u00c7ES\u0130 YAZLIK EV YAZLIK V\u0130LLA YAZLIK DA\u0130RE YAZLIK M\u00dcSTAK\u0130L EV\u00a0 YAYLA EV\u0130 SATI\u015eLARI VE MERS\u0130N\u00a0 [&hellip;]","og_url":"https:\/\/www.vipemlak.com\/en\/corporate\/","og_site_name":"V\u0130PGAYR\u0130MENKUL","article_publisher":"https:\/\/www.facebook.com\/share\/jNAc3JQbyQJ9zGYL\/?mibextid=YMEMSu","article_modified_time":"2020-01-08T23:18:32+00:00","twitter_card":"summary_large_image","twitter_misc":{"Est. reading time":"1 minute"},"schema":{"@context":"https:\/\/schema.org","@graph":[{"@type":"WebPage","@id":"https:\/\/www.vipemlak.com\/en\/corporate\/","url":"https:\/\/www.vipemlak.com\/en\/corporate\/","name":"Corporate - V\u0130PGAYR\u0130MENKUL","isPartOf":{"@id":"https:\/\/www.vipemlak.com\/en\/#website"},"datePublished":"2020-01-08T23:15:47+00:00","dateModified":"2020-01-08T23:18:32+00:00","breadcrumb":{"@id":"https:\/\/www.vipemlak.com\/en\/corporate\/#breadcrumb"},"inLanguage":"en-US","potentialAction":[{"@type":"ReadAction","target":["https:\/\/www.vipemlak.com\/en\/corporate\/"]}]},{"@type":"BreadcrumbList","@id":"https:\/\/www.vipemlak.com\/en\/corporate\/#breadcrumb","itemListElement":[{"@type":"ListItem","position":1,"name":"Ana sayfa","item":"https:\/\/www.vipemlak.com\/en\/"},{"@type":"ListItem","position":2,"name":"Corporate"}]},{"@type":"WebSite","@id":"https:\/\/www.vipemlak.com\/en\/#website","url":"https:\/\/www.vipemlak.com\/en\/","name":"V\u0130PGAYR\u0130MENKUL","description":"EMLAK","potentialAction":[{"@type":"SearchAction","target":{"@type":"EntryPoint","urlTemplate":"https:\/\/www.vipemlak.com\/en\/?s={search_term_string}"},"query-input":{"@type":"PropertyValueSpecification","valueRequired":true,"valueName":"search_term_string"}}],"inLanguage":"en-US"}]}},"_links":{"self":[{"href":"https:\/\/www.vipemlak.com\/en\/wp-json\/wp\/v2\/pages\/33803","targetHints":{"allow":["GET"]}}],"collection":[{"href":"https:\/\/www.vipemlak.com\/en\/wp-json\/wp\/v2\/pages"}],"about":[{"href":"https:\/\/www.vipemlak.com\/en\/wp-json\/wp\/v2\/types\/page"}],"author":[{"embeddable":true,"href":"https:\/\/www.vipemlak.com\/en\/wp-json\/wp\/v2\/users\/26"}],"replies":[{"embeddable":true,"href":"https:\/\/www.vipemlak.com\/en\/wp-json\/wp\/v2\/comments?post=33803"}],"version-history":[{"count":0,"href":"https:\/\/www.vipemlak.com\/en\/wp-json\/wp\/v2\/pages\/33803\/revisions"}],"wp:attachment":[{"href":"https:\/\/www.vipemlak.com\/en\/wp-json\/wp\/v2\/media?parent=33803"}],"curies":[{"name":"wp","href":"https:\/\/api.w.org\/{rel}","templated":true}]}}