{"id":105625,"date":"2021-01-15T11:55:44","date_gmt":"2021-01-15T11:55:44","guid":{"rendered":"https:\/\/www.vipemlak.com\/?page_id=105625"},"modified":"2021-01-15T11:55:44","modified_gmt":"2021-01-15T11:55:44","slug":"luxe-flat-te-koop-in-vipemlak","status":"publish","type":"page","link":"https:\/\/www.vipemlak.com\/nl\/luxe-flat-te-koop-in-vipemlak\/","title":{"rendered":"LUXE FLAT TE KOOP IN V\u0130PEMLAK"},"content":{"rendered":"<p>V\u0130P EMLAK DE PAREL VAN DE MIDDELLANDSE ZEE IS EEN VAN DE MEEST GEWORTELDE, BETROUWBARE ADRESSEN IN DE WERELD VAN ONROEREND GOED SINDS 2005, IN DE WIJK ERDEML\u0130.<\/p>\n<p>&nbsp;<\/p>\n<p>WIJ WERKEN SAMEN MET ONZE ERVAREN REAL ESTATE CONSULTANTS OM DE JUISTE KLANT TE ONTMOETEN MET HET JUISTE ONROEREND GOED IN MERS\u0130N ERDEMLI, WAAR HET HART VAN TOERISME EN INVESTERINGEN Beats is.<\/p>\n<p>&nbsp;<\/p>\n<p>MET ONS BREDE PORTEFEUILLE EN BREDE KLANTENNETWERK VOOR ZOMERAPPARTEMENTEN IN MERS\u0130N ERDEML\u0130, ZORGEN WE VOOR DE JUISTE PRIJZEN VAN DE ONROEREND GOED MET JUISTE VERKOOP<\/p>\n<p>&nbsp;<\/p>\n<p>ZOALS V\u0130P EMLAK IS ONS KOMPAS OM DE HUIZEN TE ONTMOETEN WAAR DE MASMA BLAUWE ZEE VAN DE MIDDELLANDSE ZEE EN DE GROTE BERGWIND VAN TOROS U KOMEN.<\/p>\n<p>ONZE VISIE IS EEN COMMERCI\u00cbLE PARTNER WAAR ALLE VERWACHTINGEN VAN ONZE INVESTEERDERS EN ONZE KLANTEN SAMENKOMEN IN EEN VERTROUWDE EN TRANSPARANTE OMGEVING DIE HUN TECHNOLOGISCHE ONTWIKKELINGEN HERZIET EN DE INNOVATIE LEIDT.<\/p>\n<p>ONZE DOELSTELLINGEN ZIJN INVESTEERDERS EN BUITENLANDSE KLANTEN TE BEVORDEREN VOOR DE ONTWIKKELING EN PROMOTIE VAN DE REGIO.<\/p>\n<p>MERS\u0130N ERDEML\u0130 DISTRICT IS RECENT NAAR DE PROMOTIE IN DE MIDDELLANDSE ZEE IN DE ZOMER VASTGOEDMARKT.<\/p>\n<p>DE LANDEN DIE DE REGIO MEER VOOR INVESTERINGEN HEBBEN, ZIJN RUSLAND, DUITSLAND, BELGI\u00cb, NEDERLAND EN HET VK.<\/p>\n<p>ALS V\u0130P REAL ESTATE TONEN WE DEZELFDE GEVOELIGHEID AAN ONZE BUITENLANDSE KLANTEN IN DE VERKOOP DIE ONS LAND VERTEGENWOORDIGT.<\/p>\n<p>MERS\u0130N ERDEML\u0130 VOOR UW ONROEREND GOED AANKOOP EN HUURTRANSACTIES<\/p>\n<p>VIP ONROEREND GOED<\/p>\n<p>HET LEIDENDE MERK VAN ONROEREND GOED<\/p>\n","protected":false},"excerpt":{"rendered":"<p>V\u0130P EMLAK DE PAREL VAN DE MIDDELLANDSE ZEE IS EEN VAN DE MEEST GEWORTELDE, BETROUWBARE ADRESSEN IN DE WERELD VAN ONROEREND GOED SINDS 2005, IN DE WIJK ERDEML\u0130. &nbsp; WIJ WERKEN SAMEN MET ONZE ERVAREN REAL ESTATE CONSULTANTS OM DE JUISTE KLANT TE ONTMOETEN MET HET JUISTE ONROEREND GOED IN MERS\u0130N ERDEMLI, WAAR HET HART [&hellip;]<\/p>\n","protected":false},"author":3,"featured_media":104860,"parent":0,"menu_order":0,"comment_status":"closed","ping_status":"closed","template":"template-home.php","meta":{"footnotes":""},"class_list":["post-105625","page","type-page","status-publish","has-post-thumbnail","hentry"],"yoast_head":"<!-- This site is optimized with the Yoast SEO plugin v27.5 - https:\/\/yoast.com\/product\/yoast-seo-wordpress\/ -->\n<title>LUXE FLAT TE KOOP IN V\u0130PEMLAK - V\u0130PGAYR\u0130MENKUL<\/title>\n<meta name=\"description\" content=\"MERS\u0130N APPARTEMENTEN TE KOOP ZOMER ZEE TE KOOP ZERO VILLA DAGELIJKSE HUUR ZOMER MAANDELIJKSE HUUR FLAT LUXE ZOMERHUIS\" \/>\n<meta name=\"robots\" content=\"index, follow, max-snippet:-1, max-image-preview:large, max-video-preview:-1\" \/>\n<link rel=\"canonical\" href=\"https:\/\/www.vipemlak.com\/nl\/luxe-flat-te-koop-in-vipemlak\/\" \/>\n<meta property=\"og:locale\" content=\"nl_NL\" \/>\n<meta property=\"og:type\" content=\"article\" \/>\n<meta property=\"og:title\" content=\"LUXE FLAT TE KOOP IN V\u0130PEMLAK - V\u0130PGAYR\u0130MENKUL\" \/>\n<meta property=\"og:description\" content=\"MERS\u0130N APPARTEMENTEN TE KOOP ZOMER ZEE TE KOOP ZERO VILLA DAGELIJKSE HUUR ZOMER MAANDELIJKSE HUUR FLAT LUXE ZOMERHUIS\" \/>\n<meta property=\"og:url\" content=\"https:\/\/www.vipemlak.com\/nl\/luxe-flat-te-koop-in-vipemlak\/\" \/>\n<meta property=\"og:site_name\" content=\"V\u0130PGAYR\u0130MENKUL\" \/>\n<meta property=\"article:publisher\" content=\"https:\/\/www.facebook.com\/share\/jNAc3JQbyQJ9zGYL\/?mibextid=YMEMSu\" \/>\n<meta property=\"og:image\" content=\"https:\/\/www.vipemlak.com\/wp-content\/uploads\/2021\/01\/4-scaled.jpg\" \/>\n\t<meta property=\"og:image:width\" content=\"2560\" \/>\n\t<meta property=\"og:image:height\" content=\"1707\" \/>\n\t<meta property=\"og:image:type\" content=\"image\/jpeg\" \/>\n<meta name=\"twitter:card\" content=\"summary_large_image\" \/>\n<meta name=\"twitter:label1\" content=\"Est. reading time\" \/>\n\t<meta name=\"twitter:data1\" content=\"2 minutes\" \/>\n<script type=\"application\/ld+json\" class=\"yoast-schema-graph\">{\"@context\":\"https:\\\/\\\/schema.org\",\"@graph\":[{\"@type\":\"WebPage\",\"@id\":\"https:\\\/\\\/www.vipemlak.com\\\/nl\\\/luxe-flat-te-koop-in-vipemlak\\\/\",\"url\":\"https:\\\/\\\/www.vipemlak.com\\\/nl\\\/luxe-flat-te-koop-in-vipemlak\\\/\",\"name\":\"LUXE FLAT TE KOOP IN V\u0130PEMLAK - V\u0130PGAYR\u0130MENKUL\",\"isPartOf\":{\"@id\":\"https:\\\/\\\/www.vipemlak.com\\\/nl\\\/#website\"},\"primaryImageOfPage\":{\"@id\":\"https:\\\/\\\/www.vipemlak.com\\\/nl\\\/luxe-flat-te-koop-in-vipemlak\\\/#primaryimage\"},\"image\":{\"@id\":\"https:\\\/\\\/www.vipemlak.com\\\/nl\\\/luxe-flat-te-koop-in-vipemlak\\\/#primaryimage\"},\"thumbnailUrl\":\"https:\\\/\\\/www.vipemlak.com\\\/wp-content\\\/uploads\\\/2021\\\/01\\\/4-scaled.jpg\",\"datePublished\":\"2021-01-15T11:55:44+00:00\",\"description\":\"MERS\u0130N APPARTEMENTEN TE KOOP ZOMER ZEE TE KOOP ZERO VILLA DAGELIJKSE HUUR ZOMER MAANDELIJKSE HUUR FLAT LUXE ZOMERHUIS\",\"breadcrumb\":{\"@id\":\"https:\\\/\\\/www.vipemlak.com\\\/nl\\\/luxe-flat-te-koop-in-vipemlak\\\/#breadcrumb\"},\"inLanguage\":\"nl-NL\",\"potentialAction\":[{\"@type\":\"ReadAction\",\"target\":[\"https:\\\/\\\/www.vipemlak.com\\\/nl\\\/luxe-flat-te-koop-in-vipemlak\\\/\"]}]},{\"@type\":\"ImageObject\",\"inLanguage\":\"nl-NL\",\"@id\":\"https:\\\/\\\/www.vipemlak.com\\\/nl\\\/luxe-flat-te-koop-in-vipemlak\\\/#primaryimage\",\"url\":\"https:\\\/\\\/www.vipemlak.com\\\/wp-content\\\/uploads\\\/2021\\\/01\\\/4-scaled.jpg\",\"contentUrl\":\"https:\\\/\\\/www.vipemlak.com\\\/wp-content\\\/uploads\\\/2021\\\/01\\\/4-scaled.jpg\",\"width\":2560,\"height\":1707,\"caption\":\"Logo Mockup Collection by Asylab\"},{\"@type\":\"BreadcrumbList\",\"@id\":\"https:\\\/\\\/www.vipemlak.com\\\/nl\\\/luxe-flat-te-koop-in-vipemlak\\\/#breadcrumb\",\"itemListElement\":[{\"@type\":\"ListItem\",\"position\":1,\"name\":\"Ana sayfa\",\"item\":\"https:\\\/\\\/www.vipemlak.com\\\/nl\\\/\"},{\"@type\":\"ListItem\",\"position\":2,\"name\":\"LUXE FLAT TE KOOP IN V\u0130PEMLAK\"}]},{\"@type\":\"WebSite\",\"@id\":\"https:\\\/\\\/www.vipemlak.com\\\/nl\\\/#website\",\"url\":\"https:\\\/\\\/www.vipemlak.com\\\/nl\\\/\",\"name\":\"V\u0130PGAYR\u0130MENKUL\",\"description\":\"EMLAK\",\"potentialAction\":[{\"@type\":\"SearchAction\",\"target\":{\"@type\":\"EntryPoint\",\"urlTemplate\":\"https:\\\/\\\/www.vipemlak.com\\\/nl\\\/?s={search_term_string}\"},\"query-input\":{\"@type\":\"PropertyValueSpecification\",\"valueRequired\":true,\"valueName\":\"search_term_string\"}}],\"inLanguage\":\"nl-NL\"}]}<\/script>\n<!-- \/ Yoast SEO plugin. -->","yoast_head_json":{"title":"LUXE FLAT TE KOOP IN V\u0130PEMLAK - V\u0130PGAYR\u0130MENKUL","description":"MERS\u0130N APPARTEMENTEN TE KOOP ZOMER ZEE TE KOOP ZERO VILLA DAGELIJKSE HUUR ZOMER MAANDELIJKSE HUUR FLAT LUXE ZOMERHUIS","robots":{"index":"index","follow":"follow","max-snippet":"max-snippet:-1","max-image-preview":"max-image-preview:large","max-video-preview":"max-video-preview:-1"},"canonical":"https:\/\/www.vipemlak.com\/nl\/luxe-flat-te-koop-in-vipemlak\/","og_locale":"nl_NL","og_type":"article","og_title":"LUXE FLAT TE KOOP IN V\u0130PEMLAK - V\u0130PGAYR\u0130MENKUL","og_description":"MERS\u0130N APPARTEMENTEN TE KOOP ZOMER ZEE TE KOOP ZERO VILLA DAGELIJKSE HUUR ZOMER MAANDELIJKSE HUUR FLAT LUXE ZOMERHUIS","og_url":"https:\/\/www.vipemlak.com\/nl\/luxe-flat-te-koop-in-vipemlak\/","og_site_name":"V\u0130PGAYR\u0130MENKUL","article_publisher":"https:\/\/www.facebook.com\/share\/jNAc3JQbyQJ9zGYL\/?mibextid=YMEMSu","og_image":[{"width":2560,"height":1707,"url":"https:\/\/www.vipemlak.com\/wp-content\/uploads\/2021\/01\/4-scaled.jpg","type":"image\/jpeg"}],"twitter_card":"summary_large_image","twitter_misc":{"Est. reading time":"2 minutes"},"schema":{"@context":"https:\/\/schema.org","@graph":[{"@type":"WebPage","@id":"https:\/\/www.vipemlak.com\/nl\/luxe-flat-te-koop-in-vipemlak\/","url":"https:\/\/www.vipemlak.com\/nl\/luxe-flat-te-koop-in-vipemlak\/","name":"LUXE FLAT TE KOOP IN V\u0130PEMLAK - V\u0130PGAYR\u0130MENKUL","isPartOf":{"@id":"https:\/\/www.vipemlak.com\/nl\/#website"},"primaryImageOfPage":{"@id":"https:\/\/www.vipemlak.com\/nl\/luxe-flat-te-koop-in-vipemlak\/#primaryimage"},"image":{"@id":"https:\/\/www.vipemlak.com\/nl\/luxe-flat-te-koop-in-vipemlak\/#primaryimage"},"thumbnailUrl":"https:\/\/www.vipemlak.com\/wp-content\/uploads\/2021\/01\/4-scaled.jpg","datePublished":"2021-01-15T11:55:44+00:00","description":"MERS\u0130N APPARTEMENTEN TE KOOP ZOMER ZEE TE KOOP ZERO VILLA DAGELIJKSE HUUR ZOMER MAANDELIJKSE HUUR FLAT LUXE ZOMERHUIS","breadcrumb":{"@id":"https:\/\/www.vipemlak.com\/nl\/luxe-flat-te-koop-in-vipemlak\/#breadcrumb"},"inLanguage":"nl-NL","potentialAction":[{"@type":"ReadAction","target":["https:\/\/www.vipemlak.com\/nl\/luxe-flat-te-koop-in-vipemlak\/"]}]},{"@type":"ImageObject","inLanguage":"nl-NL","@id":"https:\/\/www.vipemlak.com\/nl\/luxe-flat-te-koop-in-vipemlak\/#primaryimage","url":"https:\/\/www.vipemlak.com\/wp-content\/uploads\/2021\/01\/4-scaled.jpg","contentUrl":"https:\/\/www.vipemlak.com\/wp-content\/uploads\/2021\/01\/4-scaled.jpg","width":2560,"height":1707,"caption":"Logo Mockup Collection by Asylab"},{"@type":"BreadcrumbList","@id":"https:\/\/www.vipemlak.com\/nl\/luxe-flat-te-koop-in-vipemlak\/#breadcrumb","itemListElement":[{"@type":"ListItem","position":1,"name":"Ana sayfa","item":"https:\/\/www.vipemlak.com\/nl\/"},{"@type":"ListItem","position":2,"name":"LUXE FLAT TE KOOP IN V\u0130PEMLAK"}]},{"@type":"WebSite","@id":"https:\/\/www.vipemlak.com\/nl\/#website","url":"https:\/\/www.vipemlak.com\/nl\/","name":"V\u0130PGAYR\u0130MENKUL","description":"EMLAK","potentialAction":[{"@type":"SearchAction","target":{"@type":"EntryPoint","urlTemplate":"https:\/\/www.vipemlak.com\/nl\/?s={search_term_string}"},"query-input":{"@type":"PropertyValueSpecification","valueRequired":true,"valueName":"search_term_string"}}],"inLanguage":"nl-NL"}]}},"_links":{"self":[{"href":"https:\/\/www.vipemlak.com\/nl\/wp-json\/wp\/v2\/pages\/105625","targetHints":{"allow":["GET"]}}],"collection":[{"href":"https:\/\/www.vipemlak.com\/nl\/wp-json\/wp\/v2\/pages"}],"about":[{"href":"https:\/\/www.vipemlak.com\/nl\/wp-json\/wp\/v2\/types\/page"}],"author":[{"embeddable":true,"href":"https:\/\/www.vipemlak.com\/nl\/wp-json\/wp\/v2\/users\/3"}],"replies":[{"embeddable":true,"href":"https:\/\/www.vipemlak.com\/nl\/wp-json\/wp\/v2\/comments?post=105625"}],"version-history":[{"count":0,"href":"https:\/\/www.vipemlak.com\/nl\/wp-json\/wp\/v2\/pages\/105625\/revisions"}],"wp:featuredmedia":[{"embeddable":true,"href":"https:\/\/www.vipemlak.com\/nl\/wp-json\/wp\/v2\/media\/104860"}],"wp:attachment":[{"href":"https:\/\/www.vipemlak.com\/nl\/wp-json\/wp\/v2\/media?parent=105625"}],"curies":[{"name":"wp","href":"https:\/\/api.w.org\/{rel}","templated":true}]}}