{"id":105659,"date":"2021-01-15T12:30:31","date_gmt":"2021-01-15T12:30:31","guid":{"rendered":"https:\/\/www.vipemlak.com\/?page_id=105659"},"modified":"2021-01-15T12:30:31","modified_gmt":"2021-01-15T12:30:31","slug":"%d1%8d%d0%bb%d0%b8%d1%82%d0%bd%d0%b0%d1%8f-%d0%ba%d0%b2%d0%b0%d1%80%d1%82%d0%b8%d1%80%d0%b0-%d0%bd%d0%b0-%d0%bf%d1%80%d0%be%d0%b4%d0%b0%d0%b6%d1%83-%d0%b2-vipemlak-mersin","status":"publish","type":"page","link":"https:\/\/www.vipemlak.com\/ru\/%d1%8d%d0%bb%d0%b8%d1%82%d0%bd%d0%b0%d1%8f-%d0%ba%d0%b2%d0%b0%d1%80%d1%82%d0%b8%d1%80%d0%b0-%d0%bd%d0%b0-%d0%bf%d1%80%d0%be%d0%b4%d0%b0%d0%b6%d1%83-%d0%b2-vipemlak-mersin\/","title":{"rendered":"\u042d\u043b\u0438\u0442\u043d\u0430\u044f \u043a\u0432\u0430\u0440\u0442\u0438\u0440\u0430 \u043d\u0430 \u043f\u0440\u043e\u0434\u0430\u0436\u0443 \u0432 V\u0130PEMLAK MERS\u0130N"},"content":{"rendered":"<p>V\u0130P EMLAK \u0416\u0415\u041c\u0427\u0423\u0416\u0418\u041d\u0410 \u0421\u0420\u0415\u0414\u0418\u0417\u0415\u041c\u041d\u041e\u041c\u041e\u0420\u0421\u041a\u041e\u0413\u041e \u041c\u0415\u0420\u0421\u0418\u041d\u0410 &#8211; \u041e\u0414\u0418\u041d \u0418\u0417 \u041d\u0410\u0418\u0411\u041e\u041b\u0415\u0415 \u041d\u0410\u0414\u0415\u0416\u041d\u042b\u0425 \u0410\u0414\u0420\u0415\u0421\u041e\u0412 \u0412 \u041c\u0418\u0420\u0415 \u041d\u0415\u0414\u0412\u0418\u0416\u0418\u041c\u041e\u0421\u0422\u0418 \u0421 2005 \u0413\u041e\u0414\u0410 \u0412 \u0420\u0410\u0419\u041e\u041d\u0415 \u042d\u0420\u0414\u0415\u041c\u041b\u0418.<\/p>\n<p>&nbsp;<\/p>\n<p>\u041c\u042b \u0420\u0410\u0411\u041e\u0422\u0410\u0415\u041c \u0421 \u041d\u0410\u0428\u0418\u041c\u0418 \u041e\u041f\u042b\u0422\u041d\u042b\u041c\u0418 \u041a\u041e\u041d\u0421\u0423\u041b\u042c\u0422\u0410\u041d\u0422\u0410\u041c\u0418 \u041f\u041e \u041d\u0415\u0414\u0412\u0418\u0416\u0418\u041c\u041e\u0421\u0422\u0418, \u0427\u0422\u041e\u0411\u042b \u041f\u041e\u0417\u041d\u0410\u041a\u041e\u041c\u0418\u0422\u042c\u0421\u042f \u0421 \u041f\u041e\u0414\u0425\u041e\u0414\u042f\u0429\u0418\u041c \u0417\u0410\u041a\u0410\u0417\u0427\u0418\u041a\u041e\u041c, \u0423\u0427\u0410\u0421\u0422\u0412\u0423\u042e\u0429\u0418\u041c \u0412 \u041d\u0415\u0414\u0412\u0418\u0416\u0418\u041c\u041e\u0421\u0422\u0418 \u0412 \u041c\u0415\u0420\u0421\u0418\u041d\u0415 \u042d\u0420\u0414\u0415\u041c\u041b\u0418, \u041a\u041e\u0422\u041e\u0420\u042b\u0419 \u0411\u042b\u041b \u0421\u0415\u0420\u0414\u0426\u0410 \u0422\u0423\u0420\u0418\u0417\u041c\u0410 \u0418 \u0418\u041d\u0412\u0415\u0421\u0422\u0418\u0426\u0418\u0419<\/p>\n<p>&nbsp;<\/p>\n<p>\u0421 \u041d\u0410\u0428\u0415\u041c \u0428\u0418\u0420\u041e\u041a\u041e\u041c \u041f\u041e\u0420\u0422\u0424\u0415\u041b\u0415\u041c \u0418 \u0428\u0418\u0420\u041e\u041a\u041e\u0419 \u041a\u041b\u0418\u0415\u041d\u0422\u0421\u041a\u041e\u0419 \u0421\u0415\u0422\u042c\u042e \u0414\u041b\u042f \u041b\u0415\u0422\u041d\u0418\u0425 \u041a\u0412\u0410\u0420\u0422\u0418\u0420 \u0412 \u041c\u0415\u0420\u0421\u0418\u041d \u042d\u0420\u0414\u0415\u041c\u041b\u0418 \u041c\u042b \u0417\u0410\u041d\u0418\u041c\u0410\u0415\u041c\u0421\u042f \u041f\u0420\u0410\u0412\u0418\u041b\u042c\u041d\u041e\u0419 \u0426\u0415\u041d\u041e\u041e\u0411\u0420\u0410\u0417\u041e\u0412\u0410\u041d\u0418\u0415\u041c \u0420\u042b\u041d\u041a\u0410 \u041d\u0415\u0414\u0412\u0418\u0416\u0418\u041c\u041e\u0421\u0422\u0418 \u041f\u0420\u0418 \u041f\u0420\u0410\u0412\u0418\u041b\u042c\u041d\u041e\u0419 \u041f\u0420\u041e\u0414\u0410\u0416\u0415<\/p>\n<p>&nbsp;<\/p>\n<p>\u041f\u043e\u0441\u043a\u043e\u043b\u044c\u043a\u0443 V\u0130P EMLAK \u041d\u0410\u0428 \u041a\u041e\u041c\u041f\u0410\u0421 \u041f\u0420\u0415\u0414\u041d\u0410\u0417\u041d\u0410\u0427\u0415\u041d \u0414\u041b\u042f \u0412\u0421\u0422\u0420\u0415\u0427\u0418 \u0414\u041e\u041c\u0410, \u0413\u0414\u0415 \u0421 \u0412\u0410\u041c\u0418 \u0412\u0421\u0422\u0420\u0415\u0427\u0410\u0415\u0422\u0421\u042f \u041c\u0410\u0421\u041c\u0410 \u0421\u0418\u041d\u0415\u0413\u041e \u041c\u041e\u0420\u042f \u0421\u0420\u0415\u0414\u0418\u0417\u0415\u041c\u041d\u041e\u041c\u041e\u0420\u042f \u0418 \u0423\u0414\u0418\u0412\u0418\u0422\u0415\u041b\u042c\u041d\u042b\u0419 \u0413\u041e\u0420\u041d\u042b\u0419 \u0411\u0420\u0418\u0417 \u0422\u041e\u0420\u041e\u0421\u0410.<\/p>\n<p>\u041d\u0410\u0428\u0415 \u0412\u0418\u0414\u0415\u041d\u0418\u0415 \u042f\u0412\u041b\u042f\u0415\u0422\u0421\u042f \u041a\u041e\u041c\u041c\u0415\u0420\u0427\u0415\u0421\u041a\u0418\u041c \u041f\u0410\u0420\u0422\u041d\u0415\u0420\u041e\u041c, \u0413\u0414\u0415 \u0412\u0421\u0415 \u041e\u0416\u0418\u0414\u0410\u041d\u0418\u042f \u041d\u0410\u0428\u0418\u0425 \u0418\u041d\u0412\u0415\u0421\u0422\u041e\u0420\u041e\u0412 \u0418 \u041d\u0410\u0428\u0418\u0425 \u041a\u041b\u0418\u0415\u041d\u0422\u041e\u0412 \u0421\u041e\u0411\u041b\u042e\u0414\u0410\u042e\u0422\u0421\u042f \u0412 \u041d\u0410\u0414\u0415\u0416\u041d\u041e\u0419 \u0418 \u041f\u0420\u041e\u0417\u0420\u0410\u0427\u041d\u041e\u0419 \u0421\u0420\u0415\u0414\u0415, \u041a\u041e\u0422\u041e\u0420\u041e\u0419 \u0418\u0417\u0423\u0427\u0410\u042e\u0422 \u0418\u0425 \u0422\u0415\u0425\u041d\u041e\u041b\u041e\u0413\u0418\u0427\u0415\u0421\u041a\u0418\u0415 \u0420\u0410\u0417\u0420\u0410\u0411\u041e\u0422\u041a\u0418 \u0418 \u0423\u041f\u0420\u0410\u0412\u041b\u042f\u042e\u0422 \u0418\u041d\u041d\u041e\u0412\u0410\u0426\u0418\u042f\u041c\u0418.<\/p>\n<p>\u041d\u0410\u0428\u0418 \u0426\u0415\u041b\u0418 &#8211; \u0421\u041e\u0414\u0415\u0419\u0421\u0422\u0412\u0418\u0415 \u0418\u041d\u0412\u0415\u0421\u0422\u041e\u0420\u0410\u041c \u0418 \u0418\u041d\u041e\u0421\u0422\u0420\u0410\u041d\u041d\u042b\u041c \u041a\u041b\u0418\u0415\u041d\u0422\u0410\u041c \u0414\u041b\u042f \u0420\u0410\u0417\u0412\u0418\u0422\u0418\u042f \u0418 \u041f\u0420\u041e\u0414\u0412\u0418\u0416\u0415\u041d\u0418\u042f \u0420\u0415\u0413\u0418\u041e\u041d\u0410.<\/p>\n<p>\u041d\u0415\u0414\u0410\u0412\u041d\u041e \u0420\u0410\u0419\u041e\u041d \u041c\u0415\u0420\u0421\u0418\u041d \u042d\u0420\u0414\u0415\u041c\u041b\u0418 \u0414\u041e\u0421\u0422\u0418\u0413 \u0412 \u0421\u0420\u0415\u0414\u0418\u0417\u0415\u041c\u041d\u041e\u041c\u041e\u0420\u0421\u041a\u041e\u041c \u0420\u0415\u0413\u0418\u041e\u041d\u0415 \u041d\u0410 \u0420\u042b\u041d\u041a\u0415 \u041b\u0415\u0422\u041d\u0415\u0419 \u041d\u0415\u0414\u0412\u0418\u0416\u0418\u041c\u041e\u0421\u0422\u0418.<\/p>\n<p>\u0421\u0422\u0420\u0410\u041d\u0410\u041c\u0418, \u041f\u0420\u0415\u0414\u041f\u041e\u041b\u0410\u0413\u0410\u042e\u0429\u0418\u041c \u0420\u0415\u0413\u0418\u041e\u041d \u0411\u041e\u041b\u042c\u0428\u0415 \u0414\u041b\u042f \u0418\u041d\u0412\u0415\u0421\u0422\u0418\u0426\u0418\u0419, \u042f\u0412\u041b\u042f\u042e\u0422\u0421\u042f \u0420\u041e\u0421\u0421\u0418\u042f, \u0413\u0415\u0420\u041c\u0410\u041d\u0418\u042f, \u0411\u0415\u041b\u042c\u0413\u0418\u042f, \u041d\u0418\u0414\u0415\u0420\u041b\u0410\u041d\u0414\u042b \u0418 \u0412\u0415\u041b\u0418\u041a\u041e\u0411\u0420\u0418\u0422\u0410\u041d\u0418\u042f.<\/p>\n<p>\u041a\u0410\u041a V\u0130P REAL ESTATE, \u041c\u042b \u041f\u0420\u0415\u0414\u0421\u0422\u0410\u0412\u041b\u042f\u0415\u041c \u0422\u0410\u041a\u0423\u042e \u0427\u0423\u0412\u0421\u0422\u0412\u0418\u0422\u0415\u041b\u042c\u041d\u041e\u0421\u0422\u042c \u041d\u0410\u0428\u0418\u041c \u0417\u0410\u0420\u0423\u0411\u0415\u0416\u041d\u042b\u041c \u041a\u041b\u0418\u0415\u041d\u0422\u0410\u041c \u0412 \u041f\u0420\u041e\u0414\u0410\u0416\u0410\u0425 \u0412 \u041d\u0410\u0428\u0415\u0419 \u0421\u0422\u0420\u0410\u041d\u0415, \u0418 \u041d\u0410\u0428\u0418\u041c \u041c\u0415\u0421\u0422\u041d\u042b\u041c \u041a\u041b\u0418\u0415\u041d\u0422\u0410\u041c.<\/p>\n<p>MERS\u0130N ERDEML\u0130 \u0414\u041b\u042f \u041f\u041e\u041a\u0423\u041f\u041a\u0418 \u0418 \u0410\u0420\u0415\u041d\u0414\u042b \u041d\u0415\u0414\u0412\u0418\u0416\u0418\u041c\u041e\u0421\u0422\u0418<\/p>\n<p>VIP \u041d\u0415\u0414\u0412\u0418\u0416\u0418\u041c\u041e\u0421\u0422\u042c<\/p>\n<p>\u0412\u0415\u0414\u0423\u0429\u0418\u0419 \u0411\u0420\u0415\u041d\u0414 \u041c\u0418\u0420\u0410 \u041d\u0415\u0414\u0412\u0418\u0416\u0418\u041c\u041e\u0421\u0422\u0418<\/p>\n","protected":false},"excerpt":{"rendered":"<p>V\u0130P EMLAK \u0416\u0415\u041c\u0427\u0423\u0416\u0418\u041d\u0410 \u0421\u0420\u0415\u0414\u0418\u0417\u0415\u041c\u041d\u041e\u041c\u041e\u0420\u0421\u041a\u041e\u0413\u041e \u041c\u0415\u0420\u0421\u0418\u041d\u0410 &#8211; \u041e\u0414\u0418\u041d \u0418\u0417 \u041d\u0410\u0418\u0411\u041e\u041b\u0415\u0415 \u041d\u0410\u0414\u0415\u0416\u041d\u042b\u0425 \u0410\u0414\u0420\u0415\u0421\u041e\u0412 \u0412 \u041c\u0418\u0420\u0415 \u041d\u0415\u0414\u0412\u0418\u0416\u0418\u041c\u041e\u0421\u0422\u0418 \u0421 2005 \u0413\u041e\u0414\u0410 \u0412 \u0420\u0410\u0419\u041e\u041d\u0415 \u042d\u0420\u0414\u0415\u041c\u041b\u0418. &nbsp; \u041c\u042b \u0420\u0410\u0411\u041e\u0422\u0410\u0415\u041c \u0421 \u041d\u0410\u0428\u0418\u041c\u0418 \u041e\u041f\u042b\u0422\u041d\u042b\u041c\u0418 \u041a\u041e\u041d\u0421\u0423\u041b\u042c\u0422\u0410\u041d\u0422\u0410\u041c\u0418 \u041f\u041e \u041d\u0415\u0414\u0412\u0418\u0416\u0418\u041c\u041e\u0421\u0422\u0418, \u0427\u0422\u041e\u0411\u042b \u041f\u041e\u0417\u041d\u0410\u041a\u041e\u041c\u0418\u0422\u042c\u0421\u042f \u0421 \u041f\u041e\u0414\u0425\u041e\u0414\u042f\u0429\u0418\u041c \u0417\u0410\u041a\u0410\u0417\u0427\u0418\u041a\u041e\u041c, \u0423\u0427\u0410\u0421\u0422\u0412\u0423\u042e\u0429\u0418\u041c \u0412 \u041d\u0415\u0414\u0412\u0418\u0416\u0418\u041c\u041e\u0421\u0422\u0418 \u0412 \u041c\u0415\u0420\u0421\u0418\u041d\u0415 \u042d\u0420\u0414\u0415\u041c\u041b\u0418, \u041a\u041e\u0422\u041e\u0420\u042b\u0419 \u0411\u042b\u041b \u0421\u0415\u0420\u0414\u0426\u0410 \u0422\u0423\u0420\u0418\u0417\u041c\u0410 \u0418 \u0418\u041d\u0412\u0415\u0421\u0422\u0418\u0426\u0418\u0419 &nbsp; \u0421 \u041d\u0410\u0428\u0415\u041c \u0428\u0418\u0420\u041e\u041a\u041e\u041c \u041f\u041e\u0420\u0422\u0424\u0415\u041b\u0415\u041c \u0418 \u0428\u0418\u0420\u041e\u041a\u041e\u0419 \u041a\u041b\u0418\u0415\u041d\u0422\u0421\u041a\u041e\u0419 \u0421\u0415\u0422\u042c\u042e [&hellip;]<\/p>\n","protected":false},"author":24,"featured_media":0,"parent":0,"menu_order":0,"comment_status":"closed","ping_status":"closed","template":"template-home.php","meta":{"footnotes":""},"class_list":["post-105659","page","type-page","status-publish","hentry"],"yoast_head":"<!-- This site is optimized with the Yoast SEO plugin v27.4 - https:\/\/yoast.com\/product\/yoast-seo-wordpress\/ -->\n<title>\u042d\u043b\u0438\u0442\u043d\u0430\u044f \u043a\u0432\u0430\u0440\u0442\u0438\u0440\u0430 \u043d\u0430 \u043f\u0440\u043e\u0434\u0430\u0436\u0443 \u0432 V\u0130PEMLAK MERS\u0130N - V\u0130PGAYR\u0130MENKUL<\/title>\n<meta name=\"description\" content=\"\u042d\u043b\u0438\u0442\u043d\u0430\u044f \u043a\u0432\u0430\u0440\u0442\u0438\u0440\u0430 \u043d\u0430 \u043f\u0440\u043e\u0434\u0430\u0436\u0443 \u0432 V\u0130PEMLAK MERS\u0130N.\u041f\u0420\u041e\u0414\u0410\u0416\u0410 \u041b\u0415\u0422\u041d\u0415\u0419 \u041a\u0412\u0410\u0420\u0422\u0418\u0420\u042b MERS\u0130N ERDEML\u0130.\u041d\u0423\u041b\u0415\u0412\u0410\u042f \u0412\u0418\u041b\u041b\u0410 \u041d\u0410 \u041c\u041e\u0420\u0415 \u041b\u0415\u0422\u041e\u041c\" \/>\n<meta name=\"robots\" content=\"index, follow, max-snippet:-1, max-image-preview:large, max-video-preview:-1\" \/>\n<link rel=\"canonical\" href=\"https:\/\/www.vipemlak.com\/ru\/%d1%8d%d0%bb%d0%b8%d1%82%d0%bd%d0%b0%d1%8f-%d0%ba%d0%b2%d0%b0%d1%80%d1%82%d0%b8%d1%80%d0%b0-%d0%bd%d0%b0-%d0%bf%d1%80%d0%be%d0%b4%d0%b0%d0%b6%d1%83-%d0%b2-vipemlak-mersin\/\" \/>\n<meta property=\"og:locale\" content=\"ru_RU\" \/>\n<meta property=\"og:type\" content=\"article\" \/>\n<meta property=\"og:title\" content=\"\u042d\u043b\u0438\u0442\u043d\u0430\u044f \u043a\u0432\u0430\u0440\u0442\u0438\u0440\u0430 \u043d\u0430 \u043f\u0440\u043e\u0434\u0430\u0436\u0443 \u0432 V\u0130PEMLAK MERS\u0130N - V\u0130PGAYR\u0130MENKUL\" \/>\n<meta property=\"og:description\" content=\"\u042d\u043b\u0438\u0442\u043d\u0430\u044f \u043a\u0432\u0430\u0440\u0442\u0438\u0440\u0430 \u043d\u0430 \u043f\u0440\u043e\u0434\u0430\u0436\u0443 \u0432 V\u0130PEMLAK MERS\u0130N.\u041f\u0420\u041e\u0414\u0410\u0416\u0410 \u041b\u0415\u0422\u041d\u0415\u0419 \u041a\u0412\u0410\u0420\u0422\u0418\u0420\u042b MERS\u0130N ERDEML\u0130.\u041d\u0423\u041b\u0415\u0412\u0410\u042f \u0412\u0418\u041b\u041b\u0410 \u041d\u0410 \u041c\u041e\u0420\u0415 \u041b\u0415\u0422\u041e\u041c\" \/>\n<meta property=\"og:url\" content=\"https:\/\/www.vipemlak.com\/ru\/%d1%8d%d0%bb%d0%b8%d1%82%d0%bd%d0%b0%d1%8f-%d0%ba%d0%b2%d0%b0%d1%80%d1%82%d0%b8%d1%80%d0%b0-%d0%bd%d0%b0-%d0%bf%d1%80%d0%be%d0%b4%d0%b0%d0%b6%d1%83-%d0%b2-vipemlak-mersin\/\" \/>\n<meta property=\"og:site_name\" content=\"V\u0130PGAYR\u0130MENKUL\" \/>\n<meta property=\"article:publisher\" content=\"https:\/\/www.facebook.com\/share\/jNAc3JQbyQJ9zGYL\/?mibextid=YMEMSu\" \/>\n<meta name=\"twitter:card\" content=\"summary_large_image\" \/>\n<meta name=\"twitter:label1\" content=\"Est. reading time\" \/>\n\t<meta name=\"twitter:data1\" content=\"1 minute\" \/>\n<script type=\"application\/ld+json\" class=\"yoast-schema-graph\">{\"@context\":\"https:\\\/\\\/schema.org\",\"@graph\":[{\"@type\":\"WebPage\",\"@id\":\"https:\\\/\\\/www.vipemlak.com\\\/ru\\\/%d1%8d%d0%bb%d0%b8%d1%82%d0%bd%d0%b0%d1%8f-%d0%ba%d0%b2%d0%b0%d1%80%d1%82%d0%b8%d1%80%d0%b0-%d0%bd%d0%b0-%d0%bf%d1%80%d0%be%d0%b4%d0%b0%d0%b6%d1%83-%d0%b2-vipemlak-mersin\\\/\",\"url\":\"https:\\\/\\\/www.vipemlak.com\\\/ru\\\/%d1%8d%d0%bb%d0%b8%d1%82%d0%bd%d0%b0%d1%8f-%d0%ba%d0%b2%d0%b0%d1%80%d1%82%d0%b8%d1%80%d0%b0-%d0%bd%d0%b0-%d0%bf%d1%80%d0%be%d0%b4%d0%b0%d0%b6%d1%83-%d0%b2-vipemlak-mersin\\\/\",\"name\":\"\u042d\u043b\u0438\u0442\u043d\u0430\u044f \u043a\u0432\u0430\u0440\u0442\u0438\u0440\u0430 \u043d\u0430 \u043f\u0440\u043e\u0434\u0430\u0436\u0443 \u0432 V\u0130PEMLAK MERS\u0130N - V\u0130PGAYR\u0130MENKUL\",\"isPartOf\":{\"@id\":\"https:\\\/\\\/www.vipemlak.com\\\/ru\\\/#website\"},\"datePublished\":\"2021-01-15T12:30:31+00:00\",\"description\":\"\u042d\u043b\u0438\u0442\u043d\u0430\u044f \u043a\u0432\u0430\u0440\u0442\u0438\u0440\u0430 \u043d\u0430 \u043f\u0440\u043e\u0434\u0430\u0436\u0443 \u0432 V\u0130PEMLAK MERS\u0130N.\u041f\u0420\u041e\u0414\u0410\u0416\u0410 \u041b\u0415\u0422\u041d\u0415\u0419 \u041a\u0412\u0410\u0420\u0422\u0418\u0420\u042b MERS\u0130N ERDEML\u0130.\u041d\u0423\u041b\u0415\u0412\u0410\u042f \u0412\u0418\u041b\u041b\u0410 \u041d\u0410 \u041c\u041e\u0420\u0415 \u041b\u0415\u0422\u041e\u041c\",\"breadcrumb\":{\"@id\":\"https:\\\/\\\/www.vipemlak.com\\\/ru\\\/%d1%8d%d0%bb%d0%b8%d1%82%d0%bd%d0%b0%d1%8f-%d0%ba%d0%b2%d0%b0%d1%80%d1%82%d0%b8%d1%80%d0%b0-%d0%bd%d0%b0-%d0%bf%d1%80%d0%be%d0%b4%d0%b0%d0%b6%d1%83-%d0%b2-vipemlak-mersin\\\/#breadcrumb\"},\"inLanguage\":\"ru-RU\",\"potentialAction\":[{\"@type\":\"ReadAction\",\"target\":[\"https:\\\/\\\/www.vipemlak.com\\\/ru\\\/%d1%8d%d0%bb%d0%b8%d1%82%d0%bd%d0%b0%d1%8f-%d0%ba%d0%b2%d0%b0%d1%80%d1%82%d0%b8%d1%80%d0%b0-%d0%bd%d0%b0-%d0%bf%d1%80%d0%be%d0%b4%d0%b0%d0%b6%d1%83-%d0%b2-vipemlak-mersin\\\/\"]}]},{\"@type\":\"BreadcrumbList\",\"@id\":\"https:\\\/\\\/www.vipemlak.com\\\/ru\\\/%d1%8d%d0%bb%d0%b8%d1%82%d0%bd%d0%b0%d1%8f-%d0%ba%d0%b2%d0%b0%d1%80%d1%82%d0%b8%d1%80%d0%b0-%d0%bd%d0%b0-%d0%bf%d1%80%d0%be%d0%b4%d0%b0%d0%b6%d1%83-%d0%b2-vipemlak-mersin\\\/#breadcrumb\",\"itemListElement\":[{\"@type\":\"ListItem\",\"position\":1,\"name\":\"Ana sayfa\",\"item\":\"https:\\\/\\\/www.vipemlak.com\\\/ru\\\/\"},{\"@type\":\"ListItem\",\"position\":2,\"name\":\"\u042d\u043b\u0438\u0442\u043d\u0430\u044f \u043a\u0432\u0430\u0440\u0442\u0438\u0440\u0430 \u043d\u0430 \u043f\u0440\u043e\u0434\u0430\u0436\u0443 \u0432 V\u0130PEMLAK MERS\u0130N\"}]},{\"@type\":\"WebSite\",\"@id\":\"https:\\\/\\\/www.vipemlak.com\\\/ru\\\/#website\",\"url\":\"https:\\\/\\\/www.vipemlak.com\\\/ru\\\/\",\"name\":\"V\u0130PGAYR\u0130MENKUL\",\"description\":\"EMLAK\",\"potentialAction\":[{\"@type\":\"SearchAction\",\"target\":{\"@type\":\"EntryPoint\",\"urlTemplate\":\"https:\\\/\\\/www.vipemlak.com\\\/ru\\\/?s={search_term_string}\"},\"query-input\":{\"@type\":\"PropertyValueSpecification\",\"valueRequired\":true,\"valueName\":\"search_term_string\"}}],\"inLanguage\":\"ru-RU\"}]}<\/script>\n<!-- \/ Yoast SEO plugin. -->","yoast_head_json":{"title":"\u042d\u043b\u0438\u0442\u043d\u0430\u044f \u043a\u0432\u0430\u0440\u0442\u0438\u0440\u0430 \u043d\u0430 \u043f\u0440\u043e\u0434\u0430\u0436\u0443 \u0432 V\u0130PEMLAK MERS\u0130N - V\u0130PGAYR\u0130MENKUL","description":"\u042d\u043b\u0438\u0442\u043d\u0430\u044f \u043a\u0432\u0430\u0440\u0442\u0438\u0440\u0430 \u043d\u0430 \u043f\u0440\u043e\u0434\u0430\u0436\u0443 \u0432 V\u0130PEMLAK MERS\u0130N.\u041f\u0420\u041e\u0414\u0410\u0416\u0410 \u041b\u0415\u0422\u041d\u0415\u0419 \u041a\u0412\u0410\u0420\u0422\u0418\u0420\u042b MERS\u0130N ERDEML\u0130.\u041d\u0423\u041b\u0415\u0412\u0410\u042f \u0412\u0418\u041b\u041b\u0410 \u041d\u0410 \u041c\u041e\u0420\u0415 \u041b\u0415\u0422\u041e\u041c","robots":{"index":"index","follow":"follow","max-snippet":"max-snippet:-1","max-image-preview":"max-image-preview:large","max-video-preview":"max-video-preview:-1"},"canonical":"https:\/\/www.vipemlak.com\/ru\/%d1%8d%d0%bb%d0%b8%d1%82%d0%bd%d0%b0%d1%8f-%d0%ba%d0%b2%d0%b0%d1%80%d1%82%d0%b8%d1%80%d0%b0-%d0%bd%d0%b0-%d0%bf%d1%80%d0%be%d0%b4%d0%b0%d0%b6%d1%83-%d0%b2-vipemlak-mersin\/","og_locale":"ru_RU","og_type":"article","og_title":"\u042d\u043b\u0438\u0442\u043d\u0430\u044f \u043a\u0432\u0430\u0440\u0442\u0438\u0440\u0430 \u043d\u0430 \u043f\u0440\u043e\u0434\u0430\u0436\u0443 \u0432 V\u0130PEMLAK MERS\u0130N - V\u0130PGAYR\u0130MENKUL","og_description":"\u042d\u043b\u0438\u0442\u043d\u0430\u044f \u043a\u0432\u0430\u0440\u0442\u0438\u0440\u0430 \u043d\u0430 \u043f\u0440\u043e\u0434\u0430\u0436\u0443 \u0432 V\u0130PEMLAK MERS\u0130N.\u041f\u0420\u041e\u0414\u0410\u0416\u0410 \u041b\u0415\u0422\u041d\u0415\u0419 \u041a\u0412\u0410\u0420\u0422\u0418\u0420\u042b MERS\u0130N ERDEML\u0130.\u041d\u0423\u041b\u0415\u0412\u0410\u042f \u0412\u0418\u041b\u041b\u0410 \u041d\u0410 \u041c\u041e\u0420\u0415 \u041b\u0415\u0422\u041e\u041c","og_url":"https:\/\/www.vipemlak.com\/ru\/%d1%8d%d0%bb%d0%b8%d1%82%d0%bd%d0%b0%d1%8f-%d0%ba%d0%b2%d0%b0%d1%80%d1%82%d0%b8%d1%80%d0%b0-%d0%bd%d0%b0-%d0%bf%d1%80%d0%be%d0%b4%d0%b0%d0%b6%d1%83-%d0%b2-vipemlak-mersin\/","og_site_name":"V\u0130PGAYR\u0130MENKUL","article_publisher":"https:\/\/www.facebook.com\/share\/jNAc3JQbyQJ9zGYL\/?mibextid=YMEMSu","twitter_card":"summary_large_image","twitter_misc":{"Est. reading time":"1 minute"},"schema":{"@context":"https:\/\/schema.org","@graph":[{"@type":"WebPage","@id":"https:\/\/www.vipemlak.com\/ru\/%d1%8d%d0%bb%d0%b8%d1%82%d0%bd%d0%b0%d1%8f-%d0%ba%d0%b2%d0%b0%d1%80%d1%82%d0%b8%d1%80%d0%b0-%d0%bd%d0%b0-%d0%bf%d1%80%d0%be%d0%b4%d0%b0%d0%b6%d1%83-%d0%b2-vipemlak-mersin\/","url":"https:\/\/www.vipemlak.com\/ru\/%d1%8d%d0%bb%d0%b8%d1%82%d0%bd%d0%b0%d1%8f-%d0%ba%d0%b2%d0%b0%d1%80%d1%82%d0%b8%d1%80%d0%b0-%d0%bd%d0%b0-%d0%bf%d1%80%d0%be%d0%b4%d0%b0%d0%b6%d1%83-%d0%b2-vipemlak-mersin\/","name":"\u042d\u043b\u0438\u0442\u043d\u0430\u044f \u043a\u0432\u0430\u0440\u0442\u0438\u0440\u0430 \u043d\u0430 \u043f\u0440\u043e\u0434\u0430\u0436\u0443 \u0432 V\u0130PEMLAK MERS\u0130N - V\u0130PGAYR\u0130MENKUL","isPartOf":{"@id":"https:\/\/www.vipemlak.com\/ru\/#website"},"datePublished":"2021-01-15T12:30:31+00:00","description":"\u042d\u043b\u0438\u0442\u043d\u0430\u044f \u043a\u0432\u0430\u0440\u0442\u0438\u0440\u0430 \u043d\u0430 \u043f\u0440\u043e\u0434\u0430\u0436\u0443 \u0432 V\u0130PEMLAK MERS\u0130N.\u041f\u0420\u041e\u0414\u0410\u0416\u0410 \u041b\u0415\u0422\u041d\u0415\u0419 \u041a\u0412\u0410\u0420\u0422\u0418\u0420\u042b MERS\u0130N ERDEML\u0130.\u041d\u0423\u041b\u0415\u0412\u0410\u042f \u0412\u0418\u041b\u041b\u0410 \u041d\u0410 \u041c\u041e\u0420\u0415 \u041b\u0415\u0422\u041e\u041c","breadcrumb":{"@id":"https:\/\/www.vipemlak.com\/ru\/%d1%8d%d0%bb%d0%b8%d1%82%d0%bd%d0%b0%d1%8f-%d0%ba%d0%b2%d0%b0%d1%80%d1%82%d0%b8%d1%80%d0%b0-%d0%bd%d0%b0-%d0%bf%d1%80%d0%be%d0%b4%d0%b0%d0%b6%d1%83-%d0%b2-vipemlak-mersin\/#breadcrumb"},"inLanguage":"ru-RU","potentialAction":[{"@type":"ReadAction","target":["https:\/\/www.vipemlak.com\/ru\/%d1%8d%d0%bb%d0%b8%d1%82%d0%bd%d0%b0%d1%8f-%d0%ba%d0%b2%d0%b0%d1%80%d1%82%d0%b8%d1%80%d0%b0-%d0%bd%d0%b0-%d0%bf%d1%80%d0%be%d0%b4%d0%b0%d0%b6%d1%83-%d0%b2-vipemlak-mersin\/"]}]},{"@type":"BreadcrumbList","@id":"https:\/\/www.vipemlak.com\/ru\/%d1%8d%d0%bb%d0%b8%d1%82%d0%bd%d0%b0%d1%8f-%d0%ba%d0%b2%d0%b0%d1%80%d1%82%d0%b8%d1%80%d0%b0-%d0%bd%d0%b0-%d0%bf%d1%80%d0%be%d0%b4%d0%b0%d0%b6%d1%83-%d0%b2-vipemlak-mersin\/#breadcrumb","itemListElement":[{"@type":"ListItem","position":1,"name":"Ana sayfa","item":"https:\/\/www.vipemlak.com\/ru\/"},{"@type":"ListItem","position":2,"name":"\u042d\u043b\u0438\u0442\u043d\u0430\u044f \u043a\u0432\u0430\u0440\u0442\u0438\u0440\u0430 \u043d\u0430 \u043f\u0440\u043e\u0434\u0430\u0436\u0443 \u0432 V\u0130PEMLAK MERS\u0130N"}]},{"@type":"WebSite","@id":"https:\/\/www.vipemlak.com\/ru\/#website","url":"https:\/\/www.vipemlak.com\/ru\/","name":"V\u0130PGAYR\u0130MENKUL","description":"EMLAK","potentialAction":[{"@type":"SearchAction","target":{"@type":"EntryPoint","urlTemplate":"https:\/\/www.vipemlak.com\/ru\/?s={search_term_string}"},"query-input":{"@type":"PropertyValueSpecification","valueRequired":true,"valueName":"search_term_string"}}],"inLanguage":"ru-RU"}]}},"_links":{"self":[{"href":"https:\/\/www.vipemlak.com\/ru\/wp-json\/wp\/v2\/pages\/105659","targetHints":{"allow":["GET"]}}],"collection":[{"href":"https:\/\/www.vipemlak.com\/ru\/wp-json\/wp\/v2\/pages"}],"about":[{"href":"https:\/\/www.vipemlak.com\/ru\/wp-json\/wp\/v2\/types\/page"}],"author":[{"embeddable":true,"href":"https:\/\/www.vipemlak.com\/ru\/wp-json\/wp\/v2\/users\/24"}],"replies":[{"embeddable":true,"href":"https:\/\/www.vipemlak.com\/ru\/wp-json\/wp\/v2\/comments?post=105659"}],"version-history":[{"count":0,"href":"https:\/\/www.vipemlak.com\/ru\/wp-json\/wp\/v2\/pages\/105659\/revisions"}],"wp:attachment":[{"href":"https:\/\/www.vipemlak.com\/ru\/wp-json\/wp\/v2\/media?parent=105659"}],"curies":[{"name":"wp","href":"https:\/\/api.w.org\/{rel}","templated":true}]}}